{"id":4020,"date":"2026-01-01T19:59:09","date_gmt":"2026-01-01T18:59:09","guid":{"rendered":"https:\/\/farnostkozlovice.cz\/?page_id=4020"},"modified":"2026-02-08T18:14:48","modified_gmt":"2026-02-08T17:14:48","slug":"2026-2","status":"publish","type":"page","link":"https:\/\/farnostkozlovice.cz\/?page_id=4020","title":{"rendered":"Rok 2026"},"content":{"rendered":"\n<ul><li><a href=\"https:\/\/www.rajce.idnes.cz\/farnost-kozlovice\/album\/trikralovy-koncert-5-ledna-2026\">T\u0159\u00edkr\u00e1lov\u00fd koncert &#8211; 5. l<\/a><a rel=\"noreferrer noopener\" href=\"https:\/\/www.rajce.idnes.cz\/farnost-kozlovice\/album\/trikralovy-koncert-5-ledna-2026\" target=\"_blank\">edna 2026<\/a><\/li><li><a rel=\"noreferrer noopener\" href=\"https:\/\/www.rajce.idnes.cz\/farnost-kozlovice\/album\/zehnani-trikralovym-kolednikum-1-ledna-2026\" target=\"_blank\">\u017dehn\u00e1n\u00ed t\u0159\u00edkr\u00e1lov\u00fdm koledn\u00edk\u016fm &#8211; 1. ledna 2026<\/a><\/li><li><a rel=\"noreferrer noopener\" href=\"https:\/\/www.rajce.idnes.cz\/farnost-kozlovice\/album\/uvedeni-pane-do-chramu-predstaveni-deti-k-1-sv-prijimani-2-unora\" target=\"_blank\">Uveden\u00ed P\u00e1n\u011b do chr\u00e1mu &#8211; P\u0159edstaven\u00ed d\u011bt\u00ed k 1 sv. p\u0159ij\u00edm\u00e1n\u00ed &#8211; 2. \u00fanora 2026<\/a><\/li><li><a href=\"https:\/\/www.rajce.idnes.cz\/farnost-kozlovice\/album\/farni-ples-24-ledna-2026\" target=\"_blank\" rel=\"noreferrer noopener\">Farn\u00ed ples &#8211; 24. ledna 2026<\/a><\/li><\/ul>\n\n\n\n<p><\/p>\n","protected":false},"excerpt":{"rendered":"<p>T\u0159\u00edkr\u00e1lov\u00fd koncert &#8211; 5. ledna 2026 \u017dehn\u00e1n\u00ed t\u0159\u00edkr\u00e1lov\u00fdm koledn\u00edk\u016fm &#8211; 1. ledna 2026 Uveden\u00ed P\u00e1n\u011b do<span class=\"more-dots\">&#8230;<\/span><\/p>\n","protected":false},"author":1,"featured_media":0,"parent":0,"menu_order":0,"comment_status":"closed","ping_status":"closed","template":"","meta":[],"_links":{"self":[{"href":"https:\/\/farnostkozlovice.cz\/index.php?rest_route=\/wp\/v2\/pages\/4020"}],"collection":[{"href":"https:\/\/farnostkozlovice.cz\/index.php?rest_route=\/wp\/v2\/pages"}],"about":[{"href":"https:\/\/farnostkozlovice.cz\/index.php?rest_route=\/wp\/v2\/types\/page"}],"author":[{"embeddable":true,"href":"https:\/\/farnostkozlovice.cz\/index.php?rest_route=\/wp\/v2\/users\/1"}],"replies":[{"embeddable":true,"href":"https:\/\/farnostkozlovice.cz\/index.php?rest_route=%2Fwp%2Fv2%2Fcomments&post=4020"}],"version-history":[{"count":7,"href":"https:\/\/farnostkozlovice.cz\/index.php?rest_route=\/wp\/v2\/pages\/4020\/revisions"}],"predecessor-version":[{"id":4058,"href":"https:\/\/farnostkozlovice.cz\/index.php?rest_route=\/wp\/v2\/pages\/4020\/revisions\/4058"}],"wp:attachment":[{"href":"https:\/\/farnostkozlovice.cz\/index.php?rest_route=%2Fwp%2Fv2%2Fmedia&parent=4020"}],"curies":[{"name":"wp","href":"https:\/\/api.w.org\/{rel}","templated":true}]}}