{"id":45,"date":"2015-04-24T12:58:05","date_gmt":"2015-04-24T11:58:05","guid":{"rendered":"http:\/\/farnostkozlovice.cz\/?page_id=45"},"modified":"2021-09-19T19:20:40","modified_gmt":"2021-09-19T18:20:40","slug":"historie","status":"publish","type":"page","link":"http:\/\/farnostkozlovice.cz\/?page_id=45","title":{"rendered":"Historie"},"content":{"rendered":"<p>Informace o samotn\u00e9m kostelu a chronologicky zpracovan\u00e1 jeho historie.<\/p>\n<p>Kostel svat\u00e9ho Michaela archand\u011bla v Kozlovic\u00edch byl postaven v letech 1731-1742 (vysv\u011bcen 4. srpna 1742) v t\u011bsn\u00e9 bl\u00edzkosti st\u00e1vaj\u00edc\u00edho, z valn\u00e9 \u010d\u00e1sti d\u0159ev\u011bn\u00e9ho, kostela postaven\u00e9ho pravd\u011bpodobn\u011b okolo roku 1300. Poz\u016fstatkem po p\u016fvodn\u00edm kostel\u00edku, by mohla b\u00fdt jeho sakristie pozd\u011bji p\u0159estav\u011bn\u00e1 na m\u00e1rnici a v sou\u010dasnosti kaple Panny Marie P\u0159\u00edborsk\u00e9.<br \/>\nV roce 1989 byla instalov\u00e1na nov\u00e1 barevn\u00e1 okna. Zaj\u00edmav\u00fd je jist\u011b <a href=\"http:\/\/farnost.kozlovice.cz\/index.php?tar=clanek_vypis&amp;id=2\">v\u00fdklad v\u00fdznamu jejich symboliky, spolu s fotografiemi<\/a><\/p>\n<table class=\"kostel\" width=\"100%\" cellspacing=\"5\" align=\"left\">\n<tbody>\n<tr valign=\"top\">\n<td width=\"10%\">1294<\/td>\n<td>8. z\u00e1\u0159\u00ed vstoupily Kozlovice do historie zakl\u00e1dac\u00ed listinou, ve kter\u00e9 je uveden i kosteln\u00ed l\u00e1n pozemku.<\/td>\n<\/tr>\n<tr valign=\"top\">\n<td>1300<\/td>\n<td>Okolo tohoto roku byl pravd\u011bpodobn\u011b postaven d\u0159ev\u011bn\u00fd kostel<\/td>\n<\/tr>\n<tr valign=\"top\">\n<td>1439<\/td>\n<td><b>Kamenn\u00fd k\u0159\u00ed\u017e (od r.1931 v p\u0159eds\u00edmi kostela)<\/b><\/td>\n<\/tr>\n<tr valign=\"top\">\n<td>1572<\/td>\n<td>Zvon sv. Michaela (p\u0159elit r. 1855, odevzd\u00e1n za 1. sv\u011bt. v\u00e1lky)<\/td>\n<\/tr>\n<tr valign=\"top\">\n<td>1584<\/td>\n<td>Odlou\u010den\u00ed Kozlovic od fren\u0161t\u00e1tsk\u00e9 fary a p\u0159ifa\u0159en\u00ed k Rychaltic\u00edm<\/td>\n<\/tr>\n<tr valign=\"top\">\n<td>1644<\/td>\n<td>Za\u010d\u00e1tek matrik (sho\u0159ely v kv\u011btnu 1945 za frontov\u00fdch boj\u016f v Rychaltic\u00edch)<\/td>\n<\/tr>\n<tr valign=\"top\">\n<td>1664<\/td>\n<td><b>Kalich<\/b><\/td>\n<\/tr>\n<tr valign=\"top\">\n<td>1680<\/td>\n<td><b>2 d\u0159ev\u011bn\u00e9 reli\u00e9fy: P. Marie Svatokopeck\u00e9 a Nejsv\u011bt\u011bj\u0161\u00ed trojice <\/b><\/td>\n<\/tr>\n<tr valign=\"top\">\n<td>1732<\/td>\n<td><b>Za\u010d\u00e1tek stavby nyn\u011bj\u0161\u00edho zd\u011bn\u00e9ho kostela, erb kardin\u00e1la Schrattenbacha nad vchodem<\/b><\/td>\n<\/tr>\n<tr valign=\"top\">\n<td>1742<\/td>\n<td>4. srpna vysv\u011bcen\u00ed kostela biskupem Jakubem A. Lichten\u0161tejnem<\/td>\n<\/tr>\n<tr valign=\"top\">\n<td>1746<\/td>\n<td>Socha P. Marie Karmelsk\u00e9 na \u00fapat\u00ed Str\u00e1\u017enice<\/td>\n<\/tr>\n<tr valign=\"top\">\n<td>1759<\/td>\n<td>Ze\u010f kolem kostela, v n\u00ed vlo\u017een kamenn\u00fd k\u0159\u00ed\u017e z r. 1439<\/td>\n<\/tr>\n<tr valign=\"top\">\n<td>1785<\/td>\n<td>Zalo\u017een\u00ed farnosti Kozlovice, z\u0159\u00edzen\u00ed trivi\u00e1ln\u00ed \u0161koly<\/td>\n<\/tr>\n<tr valign=\"top\">\n<td>1786<\/td>\n<td>Po\u010d\u00e1tek vlastn\u00edch matrik (Kozlovice, Mysl\u00edk, Lhotka, pozd\u011bji tak\u00e9 M\u011brkovice)<\/td>\n<\/tr>\n<tr valign=\"top\">\n<td>1787<\/td>\n<td><b>P\u0159evezen\u00ed hlavn\u00edho olt\u00e1\u0159e ze zru\u0161en\u00e9ho kapuc\u00ednsk\u00e9ho kl\u00e1\u0161tera v Prost\u011bjov\u011b, d\u00e1le ze zru\u0161en\u00fdch kl\u00e1\u0161ter\u016f: kalich z r. 1698, 6 c\u00ednov\u00fdch sv\u00edcn\u016f<\/b> aj.<\/td>\n<\/tr>\n<tr valign=\"top\">\n<td>1788<\/td>\n<td>Stavba fary<\/td>\n<\/tr>\n<tr valign=\"top\">\n<td>1817<\/td>\n<td>Nov\u00e9 varhany<\/td>\n<\/tr>\n<tr valign=\"top\">\n<td>1820<\/td>\n<td>Postaven\u00ed kaple na Mysl\u00edku<\/td>\n<\/tr>\n<tr valign=\"top\">\n<td>1844<\/td>\n<td>Postaven\u00ed kaple ve Lhotce<\/td>\n<\/tr>\n<tr valign=\"top\">\n<td>1847<\/td>\n<td>Zm\u011bna trasy hlavn\u00ed cesty ze z\u00e1padn\u00ed na v\u00fdchodn\u00ed stranu kostela, obezd\u011bn\u00ed h\u0159bitova a p\u0159em\u00edst\u011bn\u00ed kapli\u010dky sv. Flori\u00e1na do zdi k nov\u00e9 cest\u011b<\/td>\n<\/tr>\n<tr valign=\"top\">\n<td>1859<\/td>\n<td>Oprava hlavni\u00edho olt\u00e1\u0159e, nov\u00e9 bo\u010dn\u00ed olt\u00e1\u0159e, kazatelna, k\u0159titelnice lustr od kozlovick\u00fdch hav\u00ed\u0159\u016f<\/td>\n<\/tr>\n<tr valign=\"top\">\n<td>1861<\/td>\n<td>Nov\u00e9 lavice a bo\u010dn\u00ed dve\u0159e, zazd\u011bn vchod vpravo do presbyt\u00e1\u0159e a z\u0159\u00edzen nov\u00fd vchod do sakristie z venku<\/td>\n<\/tr>\n<tr valign=\"top\">\n<td>1862<\/td>\n<td>Postaven nov\u00fd Bo\u017e\u00ed hrob<\/td>\n<\/tr>\n<tr valign=\"top\">\n<td>1863<\/td>\n<td>Nov\u00e1 k\u0159\u00ed\u017eov\u00e1 cesta, nov\u00e1 kamenn\u00e1 dla\u017eba<\/td>\n<\/tr>\n<tr valign=\"top\">\n<td>1868<\/td>\n<td>Z\u00e1bradl\u00ed mezi kostelem a cestou (v\u010detn\u011b dvou bran), 12 vy\u0159ez\u00e1van\u00fdch sv\u00edcn\u016f v podob\u011b v\u011bnc\u016f na st\u011bn\u00e1ch kostela<\/td>\n<\/tr>\n<tr valign=\"top\">\n<td>1880<\/td>\n<td>Zakoupena nov\u00e1 socha sv. Michaela<\/td>\n<\/tr>\n<tr valign=\"top\">\n<td>1881<\/td>\n<td>St\u0159echa pokryta nov\u00fdm \u0161indelem, hlavn\u00ed v\u011b\u017e zv\u00fd\u0161ena o 2m, ob\u011b v\u011b\u017ee pokryty zinkov\u00fdm plechem<\/td>\n<\/tr>\n<tr valign=\"top\">\n<td>1888<\/td>\n<td>Instalov\u00e1ny v\u011b\u017en\u00ed hodiny z odkazu Franti\u0161ka Pra\u0161ivky \u010d.88<\/td>\n<\/tr>\n<tr valign=\"top\">\n<td>1891<\/td>\n<td>Roz\u0161\u00ed\u0159en\u00ed h\u0159bitova z\u00e1padn\u011b od vchodu do kostela<\/td>\n<\/tr>\n<tr valign=\"top\">\n<td>1898<\/td>\n<td>Posv\u011bcena kaple u nov\u00e9 silnice, do kter\u00e9 byl um\u00edst\u011bn obraz Krista v Getsenmansk\u00e9 zahrad\u011b<\/td>\n<\/tr>\n<tr valign=\"top\">\n<td>1899<\/td>\n<td>Zakoupena socha P. Marie Lurdsk\u00e9, 12 post\u0159\u00edb\u0159en\u00fdch sv\u00edcn\u016f, provedeno vymalov\u00e1n\u00ed kostela a n\u00e1t\u011br lavic<\/td>\n<\/tr>\n<tr valign=\"top\">\n<td>1900<\/td>\n<td>Nov\u00e1 monstrance<\/td>\n<\/tr>\n<tr valign=\"top\">\n<td>1904<\/td>\n<td>Na hlavn\u00ed olt\u00e1\u0159 um\u00edst\u011bny obrazy sv. Cyrila a Metod\u011bje<\/td>\n<\/tr>\n<tr valign=\"top\">\n<td>1907<\/td>\n<td>Nov\u00e1 krytina kostela (ta\u0161ky m\u00edsto \u0161indel\u016f), intalace hromosvod\u016f<\/td>\n<\/tr>\n<tr valign=\"top\">\n<td>1910<\/td>\n<td>Postavena zvonice v M\u011brkovic\u00edch<\/td>\n<\/tr>\n<tr valign=\"top\">\n<td>1916<\/td>\n<td>Rekvizice 2 zvon\u016f pro arm\u00e1du<\/td>\n<\/tr>\n<tr valign=\"top\">\n<td>1921<\/td>\n<td>Zakoupen\u00ed a instalace dvou nov\u00fdch zvon\u016f<\/td>\n<\/tr>\n<tr valign=\"top\">\n<td>1923<\/td>\n<td>Oprava olt\u00e1\u0159e, varhan a fary<\/td>\n<\/tr>\n<tr valign=\"top\">\n<td>1928<\/td>\n<td>Zaveden\u00ed el. proudu z katolick\u00e9ho lidov\u00e9ho domu, kde jej pro kino vyr\u00e1b\u011bl benz\u00ednov\u00fd agreg\u00e1t<\/td>\n<\/tr>\n<tr valign=\"top\">\n<td>1931<\/td>\n<td>Nov\u00e1 dla\u017eba, d\u0159ev\u011bn\u00ed klek\u00e1tkov\u00e1 m\u0159\u00ed\u017e p\u0159ed olt\u00e1\u0159em, nov\u00e1 malba a jin\u00e9 opravy, p\u0159em\u00edst\u011bn\u00ed kamenn\u00e9ho k\u0159\u00ed\u017ee z r. 1439 ze severn\u00ed h\u0159bitovn\u00ed zdi do p\u0159eds\u00edn\u011b kostela<\/td>\n<\/tr>\n<tr valign=\"top\">\n<td>1932<\/td>\n<td>Dl\u00e1\u017ed\u011bn\u00ed okolo kostela, r\u016fzn\u00e9 opravy<\/td>\n<\/tr>\n<tr valign=\"top\">\n<td>1937<\/td>\n<td>Rozbo\u0159ena ze\u010f mezi kostelem na severn\u00ed stran\u011b a star\u00fdm h\u0159bitovem, p\u0159em\u00edst\u011bnvelk\u00fd kamenn\u00fdk\u0159\u00ed\u017e na v\u00fdchodn\u00ed stran\u011b kostela od cesty t\u011bsn\u011b ke zdi kostela<\/td>\n<\/tr>\n<tr valign=\"top\">\n<td>1939<\/td>\n<td>Zavedena elekt\u0159ina do kostela a fary<\/td>\n<\/tr>\n<tr valign=\"top\">\n<td>1940<\/td>\n<td>\u00daprava h\u0159bitova (hroby do \u0159ad), dokon\u010den\u00ed dla\u017eby v kostele, oblo\u017een\u00ed st\u011bn v kostele d\u0159evem, z\u0159\u00edzen\u00ed farn\u00ed charity<\/td>\n<\/tr>\n<tr valign=\"top\">\n<td>1941<\/td>\n<td>Dl\u00e1\u017ed\u011bn\u00ed u kostela, vyrovn\u00e1n\u00ed \u017eelezn\u00e9ho z\u00e1bradl\u00ed p\u0159ed kostelem (ustoupeno pro roz\u0161\u00ed\u0159en\u00ed cesty)<\/td>\n<\/tr>\n<tr valign=\"top\">\n<td>1942<\/td>\n<td>Malba vnit\u0159ku kostela, zdvojen\u00ed dve\u0159\u00ed, el. instalace zlacen\u00ed sou\u010d\u00e1st\u00ed olt\u00e1\u0159\u016f a obraz\u016f, rekvizice 2 zvon\u016f pro arm\u00e1du<\/td>\n<\/tr>\n<tr valign=\"top\">\n<td>1943<\/td>\n<td>Instalov\u00e1ny nov\u00e9 varhany, \u017eelezn\u00fd zvon, p\u0159ipojen vodovod<\/td>\n<\/tr>\n<tr valign=\"top\">\n<td>1944<\/td>\n<td>Prohl\u00e1\u0161en\u00ed sv. Barbory za spolupatronku kostela, um\u00edst\u011bn\u00ed dvou reli\u00e9f\u016f z r.1680 (do t\u00e9 doby uchov\u00e1van\u00fdch v poln\u00ed kapli\u010dce ve Lhotce) do kostela<\/td>\n<\/tr>\n<tr valign=\"top\">\n<td>1945<\/td>\n<td>Zakoupeny nov\u00e9 kalichy a ciborium na pam\u00e1tku osvobozen\u00ed, kamenn\u00fd reli\u00e9f sv. Anton\u00edna od kozlovick\u00e9ho rod\u00e1ka Petra \u0164ahana, na h\u0159bitov\u011b kamenn\u00fd pomn\u00edk umu\u010den\u00fdch v koncentra\u010dn\u00edch t\u00e1borech v podob\u011b olt\u00e1\u0159\u00edku rovn\u011b\u017e od Petra \u0164ahana<\/td>\n<\/tr>\n<tr valign=\"top\">\n<td>1946<\/td>\n<td>Socha sv. Jana Boska<\/td>\n<\/tr>\n<tr valign=\"top\">\n<td>1948<\/td>\n<td>Nov\u00e1 d\u0159ev\u011bn\u00e1 podlaha v sakristii, r\u016fzn\u00e9 opravy<\/td>\n<\/tr>\n<tr valign=\"top\">\n<td>1949<\/td>\n<td>Nov\u00fd zvon, oprava varhan a st\u0159echy<\/td>\n<\/tr>\n<tr valign=\"top\">\n<td>1957<\/td>\n<td>Oprava st\u0159echy po\u0161kozen\u00e9 vich\u0159ic\u00ed<\/td>\n<\/tr>\n<tr valign=\"top\">\n<td>1960<\/td>\n<td>Malba st\u011bn kostela, obnova olt\u00e1\u0159\u016f a kazatelny, nov\u00e1 elektroinstalace<\/td>\n<\/tr>\n<tr valign=\"top\">\n<td>1961<\/td>\n<td>Oprava vn\u011bj\u0161ku kostela (om\u00edtka, n\u00e1t\u011bry), 4 nov\u00e9 cifern\u00edky do v\u011b\u017en\u00edch hodin (do t\u00e9 doby byly pouze 2)<\/td>\n<\/tr>\n<tr valign=\"top\">\n<td>1966<\/td>\n<td>Nov\u00e1, d\u0159ev\u011bn\u00e1 v\u011b\u010dn\u00e1 sv\u011btla od lidov\u00e9ho um\u011blce a farn\u00edka Franti\u0161ka Ul\u010d\u00e1ka \u010d.472<\/td>\n<\/tr>\n<tr valign=\"top\">\n<td>1969<\/td>\n<td>Oslavy uct\u011bn\u00ed ostatk\u016f sv. Cyrila a Metod\u011bj\u011b na jejich cest\u011b Moravou, n\u00e1t\u011br st\u0159ech v\u011b\u017e\u00ed<\/td>\n<\/tr>\n<tr valign=\"top\">\n<td>1971<\/td>\n<td>Pokryt\u00ed st\u0159echy kostela m\u011bd\u011bn\u00fdm plechem, el. vyt\u00e1p\u011bn\u00ed kostela<\/td>\n<\/tr>\n<tr valign=\"top\">\n<td>1972<\/td>\n<td>Nov\u00e1 zpov\u011bdnice<\/td>\n<\/tr>\n<tr valign=\"top\">\n<td>1973<\/td>\n<td>Nov\u00fd d\u0159ev\u011bn\u00fd ob\u011btn\u00ed st\u016fl podle n\u00e1vrhu Lubom\u00edra \u0160lapety z M\u00edstku zhotovili spolu s ambonem, 3 k\u0159esly pro celebruj\u00edc\u00ed kn\u011bze 2 stoli\u010dkami a 3 lavi\u010dkami farn\u00edci Franti\u0161ek Ul\u010d\u00e1k \u010d.472 a Josef Va\u0161ek \u010d.49, dubov\u00e9 obklady st\u011bn v presbyt\u00e1\u0159i a lodi, zru\u0161en\u00ed bo\u010dn\u00edch olt\u00e1\u0159\u016f<\/td>\n<\/tr>\n<tr valign=\"top\">\n<td>1974<\/td>\n<td>Pokryt\u00ed v\u011b\u017e\u00ed m\u011bd\u011bn\u00fdm plechem, el. instalace na fa\u0159e, oprava om\u00edtky, v\u011b\u017e\u00ed, p\u0159\u00edpojka el. proudu zven\u010d\u00ed do v\u011b\u017ee, nov\u00e1 \u017eelezn\u00e1 okna ve v\u011b\u017ei<\/td>\n<\/tr>\n<tr valign=\"top\">\n<td>1975<\/td>\n<td>Mysl\u00edk: el. instalace, om\u00edtka, vymalov\u00e1n\u00ed, septik a kanalizace fary<\/td>\n<\/tr>\n<tr valign=\"top\">\n<td>1976<\/td>\n<td>Nov\u00fd zvon sv. Ji\u0159\u00ed od d\u00e1rce<\/td>\n<\/tr>\n<tr valign=\"top\">\n<td>1977<\/td>\n<td>Automatick\u00fd elektrick\u00fd pohon zvon\u016f<\/td>\n<\/tr>\n<tr valign=\"top\">\n<td>1978<\/td>\n<td>Oprava podlahy na fa\u0159e (kuchy\u0148)<\/td>\n<\/tr>\n<tr valign=\"top\">\n<td>1979<\/td>\n<td>Oprava varhan<\/td>\n<\/tr>\n<tr valign=\"top\">\n<td>1980<\/td>\n<td>Oprava podlahy v sakristii<\/td>\n<\/tr>\n<tr valign=\"top\">\n<td>1981<\/td>\n<td>Oprava lavic v kostele, okapov\u00fd chodn\u00edk kolem fary<\/td>\n<\/tr>\n<tr valign=\"top\">\n<td>1982<\/td>\n<td>Lhotka: el. instalace, el. vyt\u00e1p\u011bn\u00ed, om\u00edtka, malba, nov\u00fd zvon od d\u00e1rce<\/td>\n<\/tr>\n<tr valign=\"top\">\n<td>1983<\/td>\n<td>El. pohon nov\u00e9ho zvonu, n\u00e1t\u011br hlin\u00edkov\u00e9 st\u0159echy na fa\u0159e<\/td>\n<\/tr>\n<tr valign=\"top\">\n<td>1989<\/td>\n<td>Nov\u00e1 barevn\u00e1 okna v kostele<\/td>\n<\/tr>\n<tr valign=\"top\">\n<td>1990<\/td>\n<td>\u00daprava b\u00fdval\u00e9 m\u00e1rnice na kapli P. Marie P\u0159\u00edborsk\u00e9<\/td>\n<\/tr>\n<tr valign=\"top\">\n<td>1991<\/td>\n<td>Nov\u00e1 dla\u017eba v presbyt\u00e1\u0159i, nov\u00fd ob\u011btn\u00ed st\u016fl a ambon (v\u0161e mramor), nov\u00fd zvon sv. Ane\u017eka od d\u00e1rce (3. zvon do hlavn\u00ed v\u011b\u017ee)<\/td>\n<\/tr>\n<tr valign=\"top\">\n<td>1992<\/td>\n<td>Odstran\u011bn\u00ed kazatelny se symbolikou desatera a souso\u0161\u00ed K\u0159est P\u00e1n\u011b<\/td>\n<\/tr>\n<tr valign=\"top\">\n<td>2002<\/td>\n<td>Oprava fas\u00e1dy kostela<\/td>\n<\/tr>\n<tr valign=\"top\">\n<td>2004<\/td>\n<td>Kostel Kozlovice: nov\u00e1 elektroinstalace, nov\u00e9 lavice, v\u00fdmalba, nov\u00e9 dve\u0159e do sakristie, renovace lustru<\/td>\n<\/tr>\n<tr valign=\"top\">\n<td>2005<\/td>\n<td>Oprava sanktusn\u00edku ( nov\u00fd sanktusn\u00edk \u2013 zpr\u00e1va o farnosti do nov\u00e9 kupole), renovace betl\u00e9mu a obrazu na betl\u00e9mem<\/td>\n<\/tr>\n<tr valign=\"top\">\n<td>2006<\/td>\n<td>Oprava krov\u016f ve v\u011b\u017ei kostela, Nov\u00e1 fas\u00e1da na fa\u0159e<\/td>\n<\/tr>\n<tr valign=\"top\">\n<td>2007<\/td>\n<td>Nov\u00e9 okapy na kostele<\/td>\n<\/tr>\n<tr valign=\"top\">\n<td>2008<\/td>\n<td>Nov\u00e9 oplocen\u00ed p\u0159ed farou<\/td>\n<\/tr>\n<tr valign=\"top\">\n<td>2009<\/td>\n<td>Oprava zvon\u016f, nov\u00e9 odb\u00edjen\u00ed hodin napojeno na r\u00e1diov\u00fd sign\u00e1l z Frankfurtu n. M<\/td>\n<\/tr>\n<tr valign=\"top\">\n<td>2010<\/td>\n<td>Gener\u00e1ln\u00ed oprava kaple P. M. P\u0159\u00edborsk\u00e9 (nov\u00e1 st\u0159echa a fas\u00e1da)<\/td>\n<\/tr>\n<tr valign=\"top\">\n<td>2011<\/td>\n<td>Gener\u00e1ln\u00ed oprava kaple ve Lhotce<\/td>\n<\/tr>\n<tr valign=\"top\">\n<td>2012<\/td>\n<td>Oprava k\u0159\u00ed\u017ee na h\u0159bitov\u011b, Zdvojen\u00ed oken v kapli na Mysl\u00edku, Oprava kapli\u010dky Jana a Pavla<\/td>\n<\/tr>\n<tr valign=\"top\">\n<td>2013<\/td>\n<td>Nov\u00e1 kanalizace na fa\u0159e + vydl\u00e1\u017ed\u011bn\u00ed chodn\u00edk\u016f, Oprava soklu na kostele, Drobn\u00e1 oprava kn\u011b\u017esk\u00e9ho hrobu<\/td>\n<\/tr>\n<tr valign=\"top\">\n<td>2014<\/td>\n<td>Oprava sochy P. M. Karelsk\u00e9<\/td>\n<\/tr>\n<tr valign=\"top\">\n<td>2016<\/td>\n<td>Nov\u00e1 akumula\u010dn\u00ed kamna<\/td>\n<\/tr>\n<tr valign=\"top\">\n<td>2017<\/td>\n<td>Stavba nov\u00fdch varhan + celkov\u00e1 rekonstrukce k\u016fru, vymalov\u00e1n\u00ed kostela, instalace nov\u00e9ho akustick\u00e9ho syst\u00e9mu<\/td>\n<\/tr>\n<\/tbody>\n<\/table>\n","protected":false},"excerpt":{"rendered":"<p>Informace o samotn\u00e9m kostelu a chronologicky zpracovan\u00e1 jeho historie. Kostel svat\u00e9ho Michaela archand\u011bla v Kozlovic\u00edch byl<span class=\"more-dots\">&#8230;<\/span><\/p>\n","protected":false},"author":1,"featured_media":0,"parent":20,"menu_order":0,"comment_status":"closed","ping_status":"closed","template":"","meta":[],"_links":{"self":[{"href":"http:\/\/farnostkozlovice.cz\/index.php?rest_route=\/wp\/v2\/pages\/45"}],"collection":[{"href":"http:\/\/farnostkozlovice.cz\/index.php?rest_route=\/wp\/v2\/pages"}],"about":[{"href":"http:\/\/farnostkozlovice.cz\/index.php?rest_route=\/wp\/v2\/types\/page"}],"author":[{"embeddable":true,"href":"http:\/\/farnostkozlovice.cz\/index.php?rest_route=\/wp\/v2\/users\/1"}],"replies":[{"embeddable":true,"href":"http:\/\/farnostkozlovice.cz\/index.php?rest_route=%2Fwp%2Fv2%2Fcomments&post=45"}],"version-history":[{"count":5,"href":"http:\/\/farnostkozlovice.cz\/index.php?rest_route=\/wp\/v2\/pages\/45\/revisions"}],"predecessor-version":[{"id":2284,"href":"http:\/\/farnostkozlovice.cz\/index.php?rest_route=\/wp\/v2\/pages\/45\/revisions\/2284"}],"up":[{"embeddable":true,"href":"http:\/\/farnostkozlovice.cz\/index.php?rest_route=\/wp\/v2\/pages\/20"}],"wp:attachment":[{"href":"http:\/\/farnostkozlovice.cz\/index.php?rest_route=%2Fwp%2Fv2%2Fmedia&parent=45"}],"curies":[{"name":"wp","href":"https:\/\/api.w.org\/{rel}","templated":true}]}}