{"id":42,"date":"2015-04-24T12:55:59","date_gmt":"2015-04-24T11:55:59","guid":{"rendered":"http:\/\/farnostkozlovice.cz\/?page_id=42"},"modified":"2023-11-12T17:05:19","modified_gmt":"2023-11-12T16:05:19","slug":"provozni-doba","status":"publish","type":"page","link":"http:\/\/farnostkozlovice.cz\/?page_id=42","title":{"rendered":"Provozn\u00ed doba"},"content":{"rendered":"<p>Provozn\u00ed doba h\u0159bitova a \u00fa\u0159edn\u00ed hodiny fary<\/p>\n<h3>\u00da\u0159edn\u00ed hodiny fary<\/h3>\n<p>Po telefonick\u00e9 domluv\u011b, telefon: 733 741 906<\/p>\n<h3>Provozn\u00ed doba h\u0159bitova<\/h3>\n<table border=\"0\" width=\"100%\">\n<tbody>\n<tr align=\"center\">\n<td width=\"50%\"><b>1. 4. &#8211; 30. 9.<\/b><\/td>\n<td><b>1. 10. &#8211; 31. 3.<\/b><\/td>\n<\/tr>\n<tr align=\"center\">\n<td width=\"40%\">6:00 &#8211; 21:00<\/td>\n<td>7:00 &#8211; 19:00<\/td>\n<\/tr>\n<\/tbody>\n<\/table>\n","protected":false},"excerpt":{"rendered":"<p>Provozn\u00ed doba h\u0159bitova a \u00fa\u0159edn\u00ed hodiny fary \u00da\u0159edn\u00ed hodiny fary Po telefonick\u00e9 domluv\u011b, telefon: 733 741<span class=\"more-dots\">&#8230;<\/span><\/p>\n","protected":false},"author":1,"featured_media":0,"parent":20,"menu_order":0,"comment_status":"closed","ping_status":"closed","template":"","meta":[],"_links":{"self":[{"href":"http:\/\/farnostkozlovice.cz\/index.php?rest_route=\/wp\/v2\/pages\/42"}],"collection":[{"href":"http:\/\/farnostkozlovice.cz\/index.php?rest_route=\/wp\/v2\/pages"}],"about":[{"href":"http:\/\/farnostkozlovice.cz\/index.php?rest_route=\/wp\/v2\/types\/page"}],"author":[{"embeddable":true,"href":"http:\/\/farnostkozlovice.cz\/index.php?rest_route=\/wp\/v2\/users\/1"}],"replies":[{"embeddable":true,"href":"http:\/\/farnostkozlovice.cz\/index.php?rest_route=%2Fwp%2Fv2%2Fcomments&post=42"}],"version-history":[{"count":3,"href":"http:\/\/farnostkozlovice.cz\/index.php?rest_route=\/wp\/v2\/pages\/42\/revisions"}],"predecessor-version":[{"id":2886,"href":"http:\/\/farnostkozlovice.cz\/index.php?rest_route=\/wp\/v2\/pages\/42\/revisions\/2886"}],"up":[{"embeddable":true,"href":"http:\/\/farnostkozlovice.cz\/index.php?rest_route=\/wp\/v2\/pages\/20"}],"wp:attachment":[{"href":"http:\/\/farnostkozlovice.cz\/index.php?rest_route=%2Fwp%2Fv2%2Fmedia&parent=42"}],"curies":[{"name":"wp","href":"https:\/\/api.w.org\/{rel}","templated":true}]}}