{"id":2931,"date":"2024-01-09T22:33:41","date_gmt":"2024-01-09T21:33:41","guid":{"rendered":"http:\/\/farnostkozlovice.cz\/?page_id=2931"},"modified":"2024-12-25T12:44:16","modified_gmt":"2024-12-25T11:44:16","slug":"rok-2024","status":"publish","type":"page","link":"http:\/\/farnostkozlovice.cz\/?page_id=2931","title":{"rendered":"Rok 2024"},"content":{"rendered":"\n<ul><li><a rel=\"noreferrer noopener\" href=\"https:\/\/www.rajce.idnes.cz\/farnost-kozlovice\/album\/jpeg-zmenseno-pro-webvyslani-koledniku-a-trikralova-sbirka-2024\" target=\"_blank\">Vysl\u00e1n\u00ed koledn\u00edk\u016f a T\u0159\u00edkr\u00e1lov\u00e1 sb\u00edrka 2024 &#8211; 1. ledna 2024<\/a><\/li><li><a rel=\"noreferrer noopener\" href=\"https:\/\/www.rajce.idnes.cz\/farnost-kozlovice\/album\/jpeg-zmenseno-pro-webtrikralovy-koncert\" target=\"_blank\">T\u0159\u00edkr\u00e1lov\u00fd koncert &#8211; 7. ledna 2024<\/a><\/li><li><a rel=\"noreferrer noopener\" href=\"https:\/\/www.rajce.idnes.cz\/farnost-kozlovice\/album\/jpeg-zmenseno-pro-webhromnice-prvokomunikanti\" target=\"_blank\">Hromnice a zah\u00e1jen\u00ed p\u0159\u00edpravy d\u011bt\u00ed k 1. svat\u00e9mu p\u0159ij\u00edm\u00e1n\u00ed &#8211; 2. \u00fanora 2024<\/a><\/li><li><a rel=\"noreferrer noopener\" href=\"https:\/\/www.rajce.idnes.cz\/farnost-kozlovice\/album\/jpeg-zmenseno-pro-webvelkonoce-2024\" target=\"_blank\">Velikonoce &#8211; 28.-31. b\u0159ezna 2024<\/a><\/li><li><a rel=\"noreferrer noopener\" href=\"https:\/\/www.rajce.idnes.cz\/farnost-kozlovice\/album\/majova-poboznost-u-sochy-panny-marie-karmelske-19-kvetna-2024\" target=\"_blank\">M\u00e1jov\u00e1 pobo\u017enost u sochy Panny Marie Karmelsk\u00e9 &#8211; 19. kv\u011btna 2024<\/a><\/li><li><a rel=\"noreferrer noopener\" href=\"https:\/\/www.rajce.idnes.cz\/farnost-kozlovice\/album\/majova-poboznost-u-panny-marie-lurdske-12-kvetna-2024\" target=\"_blank\">M\u00e1jov\u00e1 pobo\u017enost u Panny Marie lurdsk\u00e9 &#8211; 12. kv\u011btna 2024<\/a><\/li><li><a href=\"https:\/\/rajce.net\/farnost-kozlovice\/album\/prvni-svate-prijimani-26-kvetna-2024\" data-type=\"URL\" data-id=\"https:\/\/rajce.net\/farnost-kozlovice\/album\/prvni-svate-prijimani-26-kvetna-2024\">Prvn\u00ed svat\u00e9 p\u0159ij\u00ed<\/a><a rel=\"noreferrer noopener\" href=\"https:\/\/rajce.net\/farnost-kozlovice\/album\/prvni-svate-prijimani-26-kvetna-2024\" data-type=\"URL\" data-id=\"https:\/\/rajce.net\/farnost-kozlovice\/album\/prvni-svate-prijimani-26-kvetna-2024\" target=\"_blank\">m\u00e1n\u00ed &#8211; 26. kv\u011btna 2024<\/a><\/li><li><a rel=\"noreferrer noopener\" href=\"https:\/\/www.rajce.idnes.cz\/farnost-kozlovice\/album\/podekovani-za-urodu-ve-lhotce-1-zari-2024\" data-type=\"URL\" data-id=\"https:\/\/www.rajce.idnes.cz\/farnost-kozlovice\/album\/podekovani-za-urodu-ve-lhotce-1-zari-2024\" target=\"_blank\">Pod\u011bkov\u00e1n\u00ed za \u00farodu ve Lhotce &#8211; 1. z\u00e1\u0159\u00ed 2024<\/a><\/li><li><a rel=\"noreferrer noopener\" href=\"https:\/\/rajce.net\/farnost-kozlovice\/album\/zahajeni-skolniho-roku-6-zari-2024\" data-type=\"URL\" data-id=\"https:\/\/rajce.net\/farnost-kozlovice\/album\/zahajeni-skolniho-roku-6-zari-2024\" target=\"_blank\">Zah\u00e1jen\u00ed \u0161koln\u00edho roku &#8211; 6. z\u00e1\u0159\u00ed 2024<\/a><\/li><li><a rel=\"noreferrer noopener\" href=\"https:\/\/www.rajce.idnes.cz\/farnost-kozlovice\/album\/podekovani-za-urodu-a-den-obce-15-zari-2024\" target=\"_blank\">Pod\u011bkov\u00e1n\u00ed za \u00farodu a den obce &#8211; 15. z\u00e1\u0159\u00ed 2024<\/a><\/li><li><a rel=\"noreferrer noopener\" href=\"https:\/\/www.rajce.idnes.cz\/farnost-kozlovice\/album\/zehnani-znovuobnoveneho-krize-ve-dvore-6-rijna-2024\" data-type=\"URL\" data-id=\"https:\/\/www.rajce.idnes.cz\/farnost-kozlovice\/album\/zehnani-znovuobnoveneho-krize-ve-dvore-6-rijna-2024\" target=\"_blank\">\u017dehnan\u00ed znovuobnoven\u00e9ho k\u0159\u00ed\u017ee ve Dvo\u0159e &#8211; 6. \u0159\u00edjna 2024<\/a><\/li><li><a rel=\"noreferrer noopener\" href=\"https:\/\/rajce.net\/farnost-kozlovice\/album\/merkovicky-krmas-13-rijna-2024\" target=\"_blank\">M\u011brkovick\u00fd krm\u00e1\u0161 &#8211; 13. \u0159\u00edjna 2024<\/a><\/li><li><a rel=\"noreferrer noopener\" href=\"https:\/\/www.rajce.idnes.cz\/farnost-kozlovice\/album\/krmas-ve-lhotce-20-rijna-2024\" target=\"_blank\">Krm\u00e1\u0161 ve Lhotce &#8211; 20. \u0159\u00edjna 2024<\/a><\/li><li><a rel=\"noreferrer noopener\" href=\"https:\/\/www.rajce.idnes.cz\/farnost-kozlovice\/album\/krmas-na-mysliku-27-rijna-2024\" target=\"_blank\">Krm\u00e1\u0161 na Mysl\u00edku &#8211; 27. \u0159\u00edjna 2024<\/a><\/li><li><a rel=\"noreferrer noopener\" href=\"https:\/\/www.rajce.idnes.cz\/farnost-kozlovice\/album\/koncert-sboru-cantamus-a-jejich-hostu-3-listopadu-2024\" target=\"_blank\">Koncert sboru Cantamus a jejich host\u016f &#8211; 3. listopadu 2024<\/a><\/li><li><a rel=\"noreferrer noopener\" href=\"https:\/\/www.rajce.idnes.cz\/farnost-kozlovice\/album\/svatohubertska-mse-3-listopadu-2024\" target=\"_blank\">Svatohubertsk\u00e1 m\u0161e &#8211; 3. listopadu 2024<\/a><\/li><li><a rel=\"noreferrer noopener\" href=\"https:\/\/www.rajce.idnes.cz\/farnost-kozlovice\/album\/zehnani-adventniho-vence-na-navsi-30-listopadu-2024\" target=\"_blank\">\u017dehn\u00e1n\u00ed adventn\u00edho v\u011bnce na n\u00e1vsi- 30. listopadu 2024<\/a><\/li><li><a href=\"https:\/\/www.rajce.idnes.cz\/farnost-kozlovice\/album\/prvni-roratni-mse-sv-3-prosince-2024\" target=\"_blank\" rel=\"noreferrer noopener\">Prvn\u00ed ror\u00e1tn\u00ed m\u0161e sv. &#8211; 3. prosince 2024<\/a><\/li><li><a rel=\"noreferrer noopener\" href=\"https:\/\/rajce.net\/farnost-kozlovice\/album\/pout-ke-sv-barbore-4-prosince-2024\" target=\"_blank\">Pou\u0165 ke sv. Barbo\u0159e &#8211; 4. prosince 2024<\/a><\/li><li><a rel=\"noreferrer noopener\" href=\"https:\/\/rajce.net\/farnost-kozlovice\/album\/mikulasska-nadilka-a-roratni-losovani-6-prosince-2024\" target=\"_blank\">Mikul\u00e1\u0161sk\u00e1 nad\u00edlka a ror\u00e1tn\u00ed losov\u00e1n\u00ed &#8211; 6. prosince 2024<\/a><\/li><li><a rel=\"noreferrer noopener\" href=\"https:\/\/www.rajce.idnes.cz\/farnost-kozlovice\/album\/otvirani-belema-24-prosince-2024\" target=\"_blank\">Otv\u00edr\u00e1n\u00ed betl\u00e9ma &#8211; 24. prosince 2024<\/a><\/li><\/ul>\n\n\n\n<p><\/p>\n","protected":false},"excerpt":{"rendered":"<p>Vysl\u00e1n\u00ed koledn\u00edk\u016f a T\u0159\u00edkr\u00e1lov\u00e1 sb\u00edrka 2024 &#8211; 1. ledna 2024 T\u0159\u00edkr\u00e1lov\u00fd koncert &#8211; 7. ledna 2024<span class=\"more-dots\">&#8230;<\/span><\/p>\n","protected":false},"author":1,"featured_media":0,"parent":0,"menu_order":0,"comment_status":"closed","ping_status":"closed","template":"","meta":[],"_links":{"self":[{"href":"http:\/\/farnostkozlovice.cz\/index.php?rest_route=\/wp\/v2\/pages\/2931"}],"collection":[{"href":"http:\/\/farnostkozlovice.cz\/index.php?rest_route=\/wp\/v2\/pages"}],"about":[{"href":"http:\/\/farnostkozlovice.cz\/index.php?rest_route=\/wp\/v2\/types\/page"}],"author":[{"embeddable":true,"href":"http:\/\/farnostkozlovice.cz\/index.php?rest_route=\/wp\/v2\/users\/1"}],"replies":[{"embeddable":true,"href":"http:\/\/farnostkozlovice.cz\/index.php?rest_route=%2Fwp%2Fv2%2Fcomments&post=2931"}],"version-history":[{"count":23,"href":"http:\/\/farnostkozlovice.cz\/index.php?rest_route=\/wp\/v2\/pages\/2931\/revisions"}],"predecessor-version":[{"id":3466,"href":"http:\/\/farnostkozlovice.cz\/index.php?rest_route=\/wp\/v2\/pages\/2931\/revisions\/3466"}],"wp:attachment":[{"href":"http:\/\/farnostkozlovice.cz\/index.php?rest_route=%2Fwp%2Fv2%2Fmedia&parent=2931"}],"curies":[{"name":"wp","href":"https:\/\/api.w.org\/{rel}","templated":true}]}}