{"id":24,"date":"2015-04-24T12:33:29","date_gmt":"2015-04-24T11:33:29","guid":{"rendered":"http:\/\/farnostkozlovice.cz\/?page_id=24"},"modified":"2024-12-31T11:37:19","modified_gmt":"2024-12-31T10:37:19","slug":"informace-o-farnosti","status":"publish","type":"page","link":"http:\/\/farnostkozlovice.cz\/?page_id=24","title":{"rendered":"Informace o farnosti"},"content":{"rendered":"\n<figure class=\"wp-block-table is-style-regular has-normal-font-size\"><table class=\"has-fixed-layout\"><tbody><tr><td><strong>Duchovn\u00ed spr\u00e1vce:<\/strong><\/td><td><strong>Pastora\u010dn\u00ed rada:<\/strong> (od 1. \u0159\u00edjna 2024)<\/td><\/tr><tr><td>P. Luk\u00e1\u0161 Bakajsa, mobil: 733 741 906<\/td><td>Marie Dudkov\u00e1<\/td><\/tr><tr><td>adresa: Kozlovice 154, PS\u010c: 73947<\/td><td>Michaela \u017d\u00e1\u010dkov\u00e1<\/td><\/tr><tr><td>E-mail<strong>:<\/strong> rkf.kozlovice@doo.cz<\/td><td>Marie Klimkov\u00e1<\/td><\/tr><tr><td><\/td><td>V\u011bra Koci\u00e1nov\u00e1<\/td><\/tr><tr><td><strong>Administrace webov\u00fdch str\u00e1nek:<\/strong><\/td><td>Dagmar Kure\u010dkov\u00e1<\/td><\/tr><tr><td>Magda a Pavel Strako\u0161ovi<\/td><td>Josef Kl\u00edmek<\/td><\/tr><tr><td>Pavel Kov\u00e1\u0159<\/td><td>Petr Pindel<\/td><\/tr><tr><td><\/td><td>Ji\u0159ina Pindelov\u00e1<\/td><\/tr><tr><td><strong>Ekonomick\u00e1 rada<\/strong> (od 1. \u0159\u00edjna 2024)<\/td><td>Pavel Kov\u00e1\u0159<\/td><\/tr><tr><td>Pavel Socha<\/td><td>Magda Strako\u0161ov\u00e1<\/td><\/tr><tr><td>Ji\u0159\u00ed Tk\u00e1\u010d<\/td><td>Pavel Strako\u0161<\/td><\/tr><tr><td>\u0160t\u011bp\u00e1n Pustka<\/td><td>Mark\u00e9ta Tesar\u010d\u00edkov\u00e1<\/td><\/tr><tr><td>Josef Vl\u010dek<\/td><td>Ji\u0159\u00ed Tesar\u010d\u00edk<\/td><\/tr><tr><td>Lenka Mazurov\u00e1<\/td><td>Irena N\u011bmcov\u00e1<\/td><\/tr><\/tbody><\/table><\/figure>\n\n\n\n<figure class=\"wp-block-table\"><table><tbody><tr><td><\/td><\/tr><tr><td><strong>Sou\u010d\u00e1st\u00ed \u017eivota farnosti jsou tato spole\u010denstv\u00ed<\/strong>:<\/td><\/tr><tr><td>Spole\u010denstv\u00ed Modlitby matek<\/td><\/tr><tr><td>Spole\u010denstv\u00ed chlap\u016f<\/td><\/tr><tr><td>2 spole\u010denstv\u00ed man\u017eelsk\u00fdch p\u00e1r\u016f<\/td><\/tr><tr><td>Spole\u010denstv\u00ed ml\u00e1de\u017ee<\/td><\/tr><tr><td>Do \u017eivota farnosti se zapojuje tak\u00e9 scholka, schola, farn\u00ed sbor a samoz\u0159ejm\u011b parta ministrant\u016f<\/td><\/tr><tr><td><\/td><\/tr><tr><td><\/td><\/tr><tr><td><strong>Ve farnosti prob\u00edh\u00e1:<\/strong><\/td><\/tr><tr><td>pravideln\u00e9 celodenn\u00ed tich\u00e9 adorace &#8211; 1. p\u00e1tek v m\u011bs\u00edci  (od 14 hod. do za\u010d\u00e1tku m\u0161e sv.)<\/td><\/tr><tr><td>Ka\u017ed\u00fd p\u00e1tek jsou m\u0161e svat\u00e9 se zam\u011b\u0159en\u00edm pro d\u011bti<\/td><\/tr><tr><td>modlitba \u017div\u00e9ho r\u016f\u017eence<\/td><\/tr><tr><td><\/td><\/tr><\/tbody><\/table><\/figure>\n\n\n\n<p>    <\/p>\n","protected":false},"excerpt":{"rendered":"<p>Duchovn\u00ed spr\u00e1vce: Pastora\u010dn\u00ed rada: (od 1. \u0159\u00edjna 2024) P. Luk\u00e1\u0161 Bakajsa, mobil: 733 741 906 Marie<span class=\"more-dots\">&#8230;<\/span><\/p>\n","protected":false},"author":1,"featured_media":0,"parent":20,"menu_order":0,"comment_status":"closed","ping_status":"closed","template":"","meta":[],"_links":{"self":[{"href":"http:\/\/farnostkozlovice.cz\/index.php?rest_route=\/wp\/v2\/pages\/24"}],"collection":[{"href":"http:\/\/farnostkozlovice.cz\/index.php?rest_route=\/wp\/v2\/pages"}],"about":[{"href":"http:\/\/farnostkozlovice.cz\/index.php?rest_route=\/wp\/v2\/types\/page"}],"author":[{"embeddable":true,"href":"http:\/\/farnostkozlovice.cz\/index.php?rest_route=\/wp\/v2\/users\/1"}],"replies":[{"embeddable":true,"href":"http:\/\/farnostkozlovice.cz\/index.php?rest_route=%2Fwp%2Fv2%2Fcomments&post=24"}],"version-history":[{"count":35,"href":"http:\/\/farnostkozlovice.cz\/index.php?rest_route=\/wp\/v2\/pages\/24\/revisions"}],"predecessor-version":[{"id":3488,"href":"http:\/\/farnostkozlovice.cz\/index.php?rest_route=\/wp\/v2\/pages\/24\/revisions\/3488"}],"up":[{"embeddable":true,"href":"http:\/\/farnostkozlovice.cz\/index.php?rest_route=\/wp\/v2\/pages\/20"}],"wp:attachment":[{"href":"http:\/\/farnostkozlovice.cz\/index.php?rest_route=%2Fwp%2Fv2%2Fmedia&parent=24"}],"curies":[{"name":"wp","href":"https:\/\/api.w.org\/{rel}","templated":true}]}}