{"id":204,"date":"2015-06-17T19:59:05","date_gmt":"2015-06-17T18:59:05","guid":{"rendered":"http:\/\/farnostkozlovice.cz\/?page_id=204"},"modified":"2015-06-17T20:04:39","modified_gmt":"2015-06-17T19:04:39","slug":"rok-2011","status":"publish","type":"page","link":"http:\/\/farnostkozlovice.cz\/?page_id=204","title":{"rendered":"rok 2011"},"content":{"rendered":"<div class=\"clanek\"><a href=\"http:\/\/www.rajce.net\/a9320210\"><span id=\"albumName\">T\u0159\u00edkr\u00e1lov\u00e1 sb\u00edrka &#8211; leden 2011<\/span><\/a><br \/>\n<a href=\"http:\/\/www.rajce.net\/a9320216\"><span id=\"albumName\">Karneval &#8211; 16. leden 2011<\/span><\/a><br \/>\n<a href=\"http:\/\/www.rajce.net\/a9320220\"><span id=\"albumName\">Farn\u00ed ples &#8211; leden 2011<\/span><\/a><br \/>\n<a href=\"http:\/\/www.rajce.net\/a9320232\"><span id=\"albumName\">Misijn\u00ed zab\u00edja\u010dka &#8211; 4.-6. \u00fanora 2011<\/span><\/a><br \/>\n<a href=\"http:\/\/www.rajce.net\/a9320224\"><span id=\"albumName\">D\u011btsk\u00e1 m\u0161e sv. &#8211; 11. b\u0159ezna 2011<\/span><\/a><br \/>\n<a href=\"http:\/\/www.rajce.net\/a9320242\"><span id=\"albumName\">Farn\u00ed pou\u0165 na Svatou horu &#8211; 3. dubna 2011<\/span><\/a><br \/>\n<a href=\"http:\/\/www.rajce.net\/a9320238\"><span id=\"albumName\">K\u0159\u00ed\u017eov\u00e1 cesta &#8211; 17. dubna 2011<\/span><\/a><br \/>\n<a href=\"http:\/\/www.rajce.net\/a9320270\"><span id=\"albumName\">Velikonoce &#8211; b\u00edl\u00e1 sobota a ned\u011ble vzk\u0159\u00ed\u0161en\u00ed &#8211; duben 2011<\/span><\/a><br \/>\n<a href=\"http:\/\/www.rajce.net\/a9320249\"><span id=\"albumName\">D\u011btsk\u00e1 m\u0161e &#8211; 6. kv\u011bten 2011<\/span> <\/a><br \/>\n<a href=\"http:\/\/www.rajce.net\/a9320243\"><span id=\"albumName\">Pou\u0165 do Mysl\u00edkovsk\u00fdch lurd &#8211; 8. kv\u011bten 2011<\/span><\/a><br \/>\n<a href=\"http:\/\/www.rajce.net\/a9320252\"><span id=\"albumName\">Obnoven\u00ed kaple ve Lhotce &#8211; 29. kv\u011btna 2011<\/span><\/a><br \/>\n<a href=\"http:\/\/www.rajce.net\/a9320256\"><span id=\"albumName\">Prvn\u00ed svat\u00e9 p\u0159ij\u00edm\u00e1n\u00ed &#8211; \u010derven 2011<\/span><\/a><br \/>\n<a href=\"http:\/\/www.rajce.net\/a9320259\"><span id=\"albumName\">Bo\u017e\u00ed t\u011blo &#8211; 23. \u010dervna 2011<\/span><\/a><br \/>\n<a href=\"http:\/\/www.rajce.net\/a9320281\"><span id=\"albumName\">Farn\u00ed t\u00e1bor ve Sp\u00e1lov\u011b &#8211; \u010dervenec 2011<\/span><\/a><br \/>\n<a href=\"http:\/\/www.rajce.net\/a9320283\"><span id=\"albumName\">Medjugorje &#8211; srpen 2011<\/span><\/a><br \/>\n<a href=\"http:\/\/www.rajce.net\/a9320287\"><span id=\"albumName\">Pobyt ml\u00e1de\u017ee s o.Stanislavem v Tatr\u00e1ch &#8211; srpen 2011<\/span><\/a><br \/>\n<a href=\"http:\/\/www.rajce.net\/a9320292\"><span id=\"albumName\">Pou\u0165 farnosti na Svat\u00fd host\u00fdn &#8211; srpen 2011<\/span><\/a><br \/>\n<a href=\"http:\/\/www.rajce.net\/a9321114\"><span id=\"albumName\">Do\u017e\u00ednkov\u00e1 v\u00fdzdoba &#8211; z\u00e1\u0159\u00ed &#8211; 2011<\/span><\/a><br \/>\n<a href=\"http:\/\/www.rajce.net\/a9321091\"><span id=\"albumName\">D\u011btsk\u00e1 m\u0161e sv. &#8211; Josef a jeho brat\u0159i &#8211; 14. \u0159\u00edjna 2011<\/span><\/a><br \/>\n<a href=\"http:\/\/www.rajce.net\/a9321095\"><span id=\"albumName\">Draki\u00e1da &#8211; 16. \u0159\u00edjna 2011<\/span><\/a><br \/>\n<a href=\"http:\/\/www.rajce.net\/a9321099\"><span id=\"albumName\">D\u011btsk\u00e1 m\u0161e sv. &#8211; 4. listopadu 2011<\/span><\/a><br \/>\n<a href=\"http:\/\/www.rajce.net\/a9321107\"><span id=\"albumName\">P\u0159edn\u00e1\u0161ka mision\u00e1\u0159e &#8211; 25. listopadu 2011<\/span><\/a><br \/>\n<a href=\"http:\/\/www.rajce.net\/a9321123\"><span id=\"albumName\">Mikul\u00e1\u0161sk\u00e1 nad\u00edlka &#8211; 6. prosince 2011<\/span><\/a><br \/>\n<a href=\"http:\/\/www.rajce.net\/a9321131\"><span id=\"albumName\">Ror\u00e1ty &#8211; 15. prosince 2011<\/span><\/a><br \/>\n<a href=\"http:\/\/www.rajce.net\/a9321135\"><span id=\"albumName\">Otv\u00edr\u00e1n\u00ed betl\u00e9ma &#8211; 24. prosince 2011<\/span><\/a>\n<\/div>\n<p>&nbsp;<\/p>\n","protected":false},"excerpt":{"rendered":"<p>T\u0159\u00edkr\u00e1lov\u00e1 sb\u00edrka &#8211; leden 2011 Karneval &#8211; 16. leden 2011 Farn\u00ed ples &#8211; leden 2011 Misijn\u00ed<span class=\"more-dots\">&#8230;<\/span><\/p>\n","protected":false},"author":1,"featured_media":0,"parent":75,"menu_order":0,"comment_status":"closed","ping_status":"closed","template":"","meta":[],"_links":{"self":[{"href":"http:\/\/farnostkozlovice.cz\/index.php?rest_route=\/wp\/v2\/pages\/204"}],"collection":[{"href":"http:\/\/farnostkozlovice.cz\/index.php?rest_route=\/wp\/v2\/pages"}],"about":[{"href":"http:\/\/farnostkozlovice.cz\/index.php?rest_route=\/wp\/v2\/types\/page"}],"author":[{"embeddable":true,"href":"http:\/\/farnostkozlovice.cz\/index.php?rest_route=\/wp\/v2\/users\/1"}],"replies":[{"embeddable":true,"href":"http:\/\/farnostkozlovice.cz\/index.php?rest_route=%2Fwp%2Fv2%2Fcomments&post=204"}],"version-history":[{"count":1,"href":"http:\/\/farnostkozlovice.cz\/index.php?rest_route=\/wp\/v2\/pages\/204\/revisions"}],"predecessor-version":[{"id":205,"href":"http:\/\/farnostkozlovice.cz\/index.php?rest_route=\/wp\/v2\/pages\/204\/revisions\/205"}],"up":[{"embeddable":true,"href":"http:\/\/farnostkozlovice.cz\/index.php?rest_route=\/wp\/v2\/pages\/75"}],"wp:attachment":[{"href":"http:\/\/farnostkozlovice.cz\/index.php?rest_route=%2Fwp%2Fv2%2Fmedia&parent=204"}],"curies":[{"name":"wp","href":"https:\/\/api.w.org\/{rel}","templated":true}]}}