{"id":20,"date":"2015-04-24T12:12:07","date_gmt":"2015-04-24T11:12:07","guid":{"rendered":"http:\/\/farnostkozlovice.cz\/?page_id=20"},"modified":"2019-02-24T18:21:36","modified_gmt":"2019-02-24T17:21:36","slug":"farnost","status":"publish","type":"page","link":"http:\/\/farnostkozlovice.cz\/?page_id=20","title":{"rendered":"Farnost"},"content":{"rendered":"<p><a title=\"Informace o farnosti\" href=\"http:\/\/farnostkozlovice.cz\/?page_id=24\"><b>Farnost<\/b><\/a><br \/>\n<span class=\"perex\">Duchovn\u00ed spr\u00e1vce, farn\u00ed rada<\/span><\/p>\n<p><a title=\"Kn\u011b\u017e\u00ed\" href=\"http:\/\/farnostkozlovice.cz\/?page_id=38\"><b>Kn\u011b\u017e\u00ed<\/b><\/a><br \/>\n<span class=\"perex\">P\u0159ehled kn\u011b\u017e\u00ed, kte\u0159\u00ed p\u016fsobili v Kozlovick\u00e9 farnosti<\/span><b><a href=\"http:\/\/farnostkozlovice.cz\/wp-content\/uploads\/2015\/04\/kostel_art.gif\"><img loading=\"lazy\" class=\" size-medium wp-image-29 alignright\" src=\"http:\/\/farnostkozlovice.cz\/wp-content\/uploads\/2015\/04\/kostel_art-225x300.gif\" alt=\"kostel_art\" width=\"225\" height=\"300\" \/><\/a><\/b><\/p>\n<p><a title=\"Provozn\u00ed doba\" href=\"http:\/\/farnostkozlovice.cz\/?page_id=42\"><b>Provozn\u00ed doby<\/b><\/a><br \/>\nProvozn\u00ed doba h\u0159bitova a \u00fa\u0159edn\u00ed hodiny fary<\/p>\n<p><a title=\"Historie\" href=\"http:\/\/farnostkozlovice.cz\/?page_id=45\"><b>Historie a popis kostela<\/b><\/a><br \/>\nInformace o samotn\u00e9m kostelu a chronologicky zpracovan\u00e1 jeho historie.<\/p>\n<p><a href=\"http:\/\/farnostkozlovice.cz\/?page_id=327\"><strong>Varhany<\/strong><\/a><br \/>\nInformace ke stavb\u011b nov\u00fdch varhan v roce 2017<\/p>\n<p>&nbsp;<\/p>\n","protected":false},"excerpt":{"rendered":"<p>Farnost Duchovn\u00ed spr\u00e1vce, farn\u00ed rada Kn\u011b\u017e\u00ed P\u0159ehled kn\u011b\u017e\u00ed, kte\u0159\u00ed p\u016fsobili v Kozlovick\u00e9 farnosti Provozn\u00ed doby Provozn\u00ed<span class=\"more-dots\">&#8230;<\/span><\/p>\n","protected":false},"author":1,"featured_media":0,"parent":0,"menu_order":0,"comment_status":"closed","ping_status":"closed","template":"","meta":[],"_links":{"self":[{"href":"http:\/\/farnostkozlovice.cz\/index.php?rest_route=\/wp\/v2\/pages\/20"}],"collection":[{"href":"http:\/\/farnostkozlovice.cz\/index.php?rest_route=\/wp\/v2\/pages"}],"about":[{"href":"http:\/\/farnostkozlovice.cz\/index.php?rest_route=\/wp\/v2\/types\/page"}],"author":[{"embeddable":true,"href":"http:\/\/farnostkozlovice.cz\/index.php?rest_route=\/wp\/v2\/users\/1"}],"replies":[{"embeddable":true,"href":"http:\/\/farnostkozlovice.cz\/index.php?rest_route=%2Fwp%2Fv2%2Fcomments&post=20"}],"version-history":[{"count":14,"href":"http:\/\/farnostkozlovice.cz\/index.php?rest_route=\/wp\/v2\/pages\/20\/revisions"}],"predecessor-version":[{"id":1423,"href":"http:\/\/farnostkozlovice.cz\/index.php?rest_route=\/wp\/v2\/pages\/20\/revisions\/1423"}],"wp:attachment":[{"href":"http:\/\/farnostkozlovice.cz\/index.php?rest_route=%2Fwp%2Fv2%2Fmedia&parent=20"}],"curies":[{"name":"wp","href":"https:\/\/api.w.org\/{rel}","templated":true}]}}