{"id":199,"date":"2015-06-17T19:58:14","date_gmt":"2015-06-17T18:58:14","guid":{"rendered":"http:\/\/farnostkozlovice.cz\/?page_id=199"},"modified":"2015-06-17T20:04:45","modified_gmt":"2015-06-17T19:04:45","slug":"rok-2009","status":"publish","type":"page","link":"http:\/\/farnostkozlovice.cz\/?page_id=199","title":{"rendered":"rok 2009"},"content":{"rendered":"<p><a href=\"http:\/\/www.rajce.net\/a9336791\"><span id=\"albumName\">T\u0159\u00edkr\u00e1lov\u00e1 sb\u00edrka &#8211; leden 2009<\/span><\/a><br \/>\n<a href=\"http:\/\/www.rajce.net\/a9337726\"><span id=\"albumName\">V\u00edkend na fa\u0159e se scholkou &#8211; b\u0159ezen 2009<\/span><\/a><br \/>\n<a href=\"http:\/\/www.rajce.net\/a9337771\"><span id=\"albumName\">Bi\u0159mov\u00e1n\u00ed &#8211; 3. kv\u011bten 2009<\/span><\/a><br \/>\n<a href=\"http:\/\/www.rajce.net\/a9337843\"><span id=\"albumName\">Farn\u00ed pou\u0165 na Svatou horu &#8211; 16.-17. kv\u011btna 2009<\/span><\/a><br \/>\n<a href=\"http:\/\/www.rajce.net\/a9337816\"><span id=\"albumName\">M\u00e1jov\u00e1 pobo\u017enost v Rybim &#8211; 24. kv\u011btna 2009<\/span><\/a><br \/>\n<a href=\"http:\/\/www.rajce.net\/a9337735\"><span id=\"albumName\">Prvn\u00ed svat\u00e9 p\u0159ij\u00edm\u00e1n\u00ed &#8211; \u010derven 2009<\/span><\/a><br \/>\n<a href=\"http:\/\/www.rajce.net\/a9337837\"><span id=\"albumName\">Svat\u00fd Anton\u00edn ve Lhotce &#8211; \u010derven 2009<\/span><\/a><br \/>\n<a href=\"http:\/\/www.rajce.net\/a9337778\"><span id=\"albumName\">Slavnost Bo\u017e\u00edho t\u011bla &#8211; 11. \u010dervna 2009<\/span><\/a><br \/>\n<a href=\"http:\/\/www.rajce.net\/a9337706\"><span id=\"albumName\">Diec\u00e9zn\u00ed pou\u0165 na Pra\u0161ivou &#8211; \u010dervenec 2009<\/span><\/a><br \/>\n<a href=\"http:\/\/www.rajce.net\/a9337766\"><span id=\"albumName\">Ml\u00e1de\u017e s o. Stanislavem v T\u011brchov\u00e9 &#8211; \u010dervenec 2009<\/span><\/a><br \/>\n<a href=\"http:\/\/www.rajce.net\/a9337790\"><span id=\"albumName\">Farn\u00ed t\u00e1bor v Blahutovic\u00edch &#8211; \u010dervenec 2009<\/span> <\/a><br \/>\n<a href=\"http:\/\/www.rajce.net\/a9337799\"><span id=\"albumName\">Fotbal: Kozlovice vs. Bohumin \/ \u017eenat\u00ed vs. svobodn\u00ed &#8211; srpen 2009<\/span><\/a><br \/>\n<a href=\"http:\/\/www.rajce.net\/a9337854\"><span id=\"albumName\">Zah\u00e1jen\u00ed \u0161koln\u00edho roku &#8211; z\u00e1\u0159\u00ed 2009<\/span><\/a><br \/>\n<a href=\"http:\/\/www.rajce.net\/a9337782\"><span id=\"albumName\">D\u011btsk\u00e9 m\u0161e sv. &#8211; \u0159\u00edjen 2009<\/span><\/a><br \/>\n<a href=\"http:\/\/www.rajce.net\/a9337808\"><span id=\"albumName\">V\u00fdlet do Moravsk\u00e9ho krasu &#8211; 17. listopadu 2009<\/span><\/a><br \/>\n<a href=\"http:\/\/www.rajce.net\/a9337829\"><span id=\"albumName\">Ror\u00e1ty &#8211; prosinec 2009<\/span><\/a><br \/>\n<a href=\"http:\/\/www.rajce.net\/a9337820\"><span id=\"albumName\">Mikul\u00e1\u0161sk\u00e1 nad\u00edlka &#8211; prosinec 2009<\/span><\/a><br \/>\n<a href=\"http:\/\/www.rajce.net\/a9337823\"><span id=\"albumName\">Otv\u00edr\u00e1n\u00ed Betl\u00e9ma &#8211; prosinec 2009<\/span><\/a><br \/>\n<a href=\"http:\/\/www.rajce.net\/a9337750\"><span id=\"albumName\">Benedikt XVI. v \u010cesk\u00e9 republice (Brno) &#8211; z\u00e1\u0159\u00ed 2009<\/span> <\/a><br \/>\n<a href=\"http:\/\/www.rajce.net\/a9337782\"><span id=\"albumName\">D\u011btsk\u00e9 m\u0161e sv. &#8211; \u0159\u00edjen 2009<\/span><\/a><\/p>\n","protected":false},"excerpt":{"rendered":"<p>T\u0159\u00edkr\u00e1lov\u00e1 sb\u00edrka &#8211; leden 2009 V\u00edkend na fa\u0159e se scholkou &#8211; b\u0159ezen 2009 Bi\u0159mov\u00e1n\u00ed &#8211; 3.<span class=\"more-dots\">&#8230;<\/span><\/p>\n","protected":false},"author":1,"featured_media":0,"parent":75,"menu_order":0,"comment_status":"closed","ping_status":"closed","template":"","meta":[],"_links":{"self":[{"href":"http:\/\/farnostkozlovice.cz\/index.php?rest_route=\/wp\/v2\/pages\/199"}],"collection":[{"href":"http:\/\/farnostkozlovice.cz\/index.php?rest_route=\/wp\/v2\/pages"}],"about":[{"href":"http:\/\/farnostkozlovice.cz\/index.php?rest_route=\/wp\/v2\/types\/page"}],"author":[{"embeddable":true,"href":"http:\/\/farnostkozlovice.cz\/index.php?rest_route=\/wp\/v2\/users\/1"}],"replies":[{"embeddable":true,"href":"http:\/\/farnostkozlovice.cz\/index.php?rest_route=%2Fwp%2Fv2%2Fcomments&post=199"}],"version-history":[{"count":1,"href":"http:\/\/farnostkozlovice.cz\/index.php?rest_route=\/wp\/v2\/pages\/199\/revisions"}],"predecessor-version":[{"id":200,"href":"http:\/\/farnostkozlovice.cz\/index.php?rest_route=\/wp\/v2\/pages\/199\/revisions\/200"}],"up":[{"embeddable":true,"href":"http:\/\/farnostkozlovice.cz\/index.php?rest_route=\/wp\/v2\/pages\/75"}],"wp:attachment":[{"href":"http:\/\/farnostkozlovice.cz\/index.php?rest_route=%2Fwp%2Fv2%2Fmedia&parent=199"}],"curies":[{"name":"wp","href":"https:\/\/api.w.org\/{rel}","templated":true}]}}