{"id":195,"date":"2015-06-17T19:57:28","date_gmt":"2015-06-17T18:57:28","guid":{"rendered":"http:\/\/farnostkozlovice.cz\/?page_id=195"},"modified":"2015-06-17T20:04:24","modified_gmt":"2015-06-17T19:04:24","slug":"rok-2007","status":"publish","type":"page","link":"http:\/\/farnostkozlovice.cz\/?page_id=195","title":{"rendered":"rok 2007"},"content":{"rendered":"<p><a href=\"http:\/\/www.rajce.net\/a9373795\">K\u0159\u00ed\u017eov\u00e1 cest v are\u00e1lu Nad ml\u00fdnem &#8211; 1. dubna 2014<\/a><br \/>\n<a href=\"http:\/\/www.rajce.net\/a9373804\"><span id=\"albumName\">Farn\u00ed pou\u0165 na Svatou horu &#8211; 26. dubna 2007<\/span><\/a><br \/>\n<a href=\"http:\/\/www.rajce.net\/a9373847\"><span id=\"albumName\">M\u0161e sv. u &#8222;Svat\u00e9 trojice&#8220; &#8211; 19. \u010dervna 2007<\/span><\/a><br \/>\n<a href=\"http:\/\/www.rajce.net\/a9373824\"><span id=\"albumName\">Farn\u00ed t\u00e1bor ve Sp\u00e1lov\u011b &#8211; 2007<\/span><\/a><span id=\"albumName\"><br \/>\n<a href=\"http:\/\/www.rajce.net\/a9373842\">Pou\u0165 do MEDJUGORJE &#8211; srpen 2007<\/a><\/span><br \/>\n<a href=\"http:\/\/farnost.kozlovice.cz\/Fotbal%20farnosti%20Kozlovice%20vs.%20Bohum%C3%83%C2%ADn%20-%20srpen%202007\"><span id=\"albumName\">Fotbal farnosti Kozlovice vs. Bohum\u00edn &#8211; srpen 2007<\/span><\/a><br \/>\n<a href=\"http:\/\/www.rajce.net\/a9373899\"><span id=\"albumName\">Zah\u00e1jen\u00ed \u0161koln\u00edho roku &#8211; z\u00e1\u0159\u00ed 2007<\/span><\/a><br \/>\n<a class=\"albumName\" href=\"http:\/\/www.rajce.net\/a9373858\">M\u0161e sv. za obec &#8211; 9. z\u00e1\u0159\u00ed 2007<\/a><br \/>\n<a href=\"http:\/\/www.rajce.net\/a9373880\"><span id=\"albumName\">M\u0161e sv. za \u00farodu &#8211; 23. z\u00e1\u0159\u00ed 2007<\/span><\/a><br \/>\n<a href=\"http:\/\/www.rajce.net\/a9373895\"><span id=\"albumName\">Draki\u00e1da &#8211; \u0159\u00edjen 2007<\/span><\/a><br \/>\n<a href=\"http:\/\/www.rajce.net\/a9373812\"><span id=\"albumName\">D\u011btsk\u00e9 m\u0161e &#8211; 2007-08<\/span><\/a><br \/>\n<a href=\"http:\/\/www.rajce.net\/a9373887\"><span id=\"albumName\">Koncert skupiy Paprsky &#8211; 24.listopadu 2007<\/span><\/a><br \/>\n<a href=\"http:\/\/www.rajce.net\/a9373903\"><span id=\"albumName\">Ror\u00e1ty &#8211; prosinec 2007<\/span><\/a><br \/>\n<a href=\"http:\/\/www.rajce.net\/a9373906\"><span id=\"albumName\">Otv\u00edr\u00e1n\u00ed betl\u00e9ma &#8211; prosinec 2007<\/span><\/a><\/p>\n","protected":false},"excerpt":{"rendered":"<p>K\u0159\u00ed\u017eov\u00e1 cest v are\u00e1lu Nad ml\u00fdnem &#8211; 1. dubna 2014 Farn\u00ed pou\u0165 na Svatou horu &#8211;<span class=\"more-dots\">&#8230;<\/span><\/p>\n","protected":false},"author":1,"featured_media":0,"parent":75,"menu_order":0,"comment_status":"closed","ping_status":"closed","template":"","meta":[],"_links":{"self":[{"href":"http:\/\/farnostkozlovice.cz\/index.php?rest_route=\/wp\/v2\/pages\/195"}],"collection":[{"href":"http:\/\/farnostkozlovice.cz\/index.php?rest_route=\/wp\/v2\/pages"}],"about":[{"href":"http:\/\/farnostkozlovice.cz\/index.php?rest_route=\/wp\/v2\/types\/page"}],"author":[{"embeddable":true,"href":"http:\/\/farnostkozlovice.cz\/index.php?rest_route=\/wp\/v2\/users\/1"}],"replies":[{"embeddable":true,"href":"http:\/\/farnostkozlovice.cz\/index.php?rest_route=%2Fwp%2Fv2%2Fcomments&post=195"}],"version-history":[{"count":1,"href":"http:\/\/farnostkozlovice.cz\/index.php?rest_route=\/wp\/v2\/pages\/195\/revisions"}],"predecessor-version":[{"id":196,"href":"http:\/\/farnostkozlovice.cz\/index.php?rest_route=\/wp\/v2\/pages\/195\/revisions\/196"}],"up":[{"embeddable":true,"href":"http:\/\/farnostkozlovice.cz\/index.php?rest_route=\/wp\/v2\/pages\/75"}],"wp:attachment":[{"href":"http:\/\/farnostkozlovice.cz\/index.php?rest_route=%2Fwp%2Fv2%2Fmedia&parent=195"}],"curies":[{"name":"wp","href":"https:\/\/api.w.org\/{rel}","templated":true}]}}