{"id":189,"date":"2015-06-17T19:55:09","date_gmt":"2015-06-17T18:55:09","guid":{"rendered":"http:\/\/farnostkozlovice.cz\/?page_id=189"},"modified":"2018-03-18T20:26:42","modified_gmt":"2018-03-18T19:26:42","slug":"do-r-2004-historicke-foto","status":"publish","type":"page","link":"http:\/\/farnostkozlovice.cz\/?page_id=189","title":{"rendered":"Historick\u00e1 fota"},"content":{"rendered":"<p><a href=\"http:\/\/www.rajce.net\/a9391337\"><span id=\"albumName\">Pou\u0165 na Svatou horu + n\u00e1v\u0161t\u011bva kardin\u00e1la Tom\u00e1\u0161ka &#8211; 13. srpna 1988<\/span><\/a><br \/>\n<a href=\"http:\/\/www.rajce.net\/a9391328\"><span id=\"albumName\">Pou\u0165 na Svatou horu + n\u00e1v\u0161t\u011bva kardin\u00e1la Tom\u00e1\u0161ka &#8211; 1989<\/span><\/a><br \/>\n<a href=\"http:\/\/www.rajce.net\/a9391348\"><span id=\"albumName\">Poh\u0159eb P. Josefa Tabacha &#8211; 22. kv\u011btna 1989<\/span> <\/a><br \/>\n<a href=\"http:\/\/www.rajce.net\/a9391344\"><span id=\"albumName\">Pou\u0165 na Svat\u00fd Host\u00fdn &#8211; 2. \u010dervence 1989<\/span><\/a><br \/>\n<a href=\"http:\/\/www.rajce.net\/a9391386\"><span id=\"albumName\">V\u00fdm\u011bna oken &#8211; 1989<\/span><\/a><br \/>\n<a href=\"http:\/\/www.rajce.net\/a9391380\"><span id=\"albumName\">Oprava k\u0159\u00ed\u017ee a varhan &#8211; 1989<\/span><\/a><br \/>\n<a href=\"http:\/\/www.rajce.net\/a9391374\"><span id=\"albumName\">Kostel v roce 1989<\/span><\/a><br \/>\n<a href=\"http:\/\/www.rajce.net\/a9391368\"><span id=\"albumName\">Krm\u00e1\u0161 s biskupem Va\u0148\u00e1kem &#8211; 1990<\/span><\/a><br \/>\n<a href=\"http:\/\/www.rajce.net\/a9391354\"><span id=\"albumName\">Krm\u00e1\u0161 se sv\u011bcen\u00edm zvonu &#8211; 1991<br \/>\n<\/span><\/a><a class=\"albumName\" href=\"https:\/\/farnost-kozlovice.rajce.idnes.cz\/1._svata_prijimani\/\">1. svat\u00e1 p\u0159ij\u00edm\u00e1n\u00ed<br \/>\n<\/a><a class=\"albumName\" href=\"https:\/\/farnost-kozlovice.rajce.idnes.cz\/Bozi_Telo_40_roky_20.stol.\/\">Bo\u017e\u00ed T\u011blo 40 roky 20.stol.<\/a><a class=\"albumName\" href=\"https:\/\/farnost-kozlovice.rajce.idnes.cz\/1._svata_prijimani\/\"><br \/>\n<\/a><a class=\"albumName\" href=\"https:\/\/farnost-kozlovice.rajce.idnes.cz\/Cyrilometodejske_oslavy_1963\/\">Cyrilometod\u011bjsk\u00e9 oslavy 1963<\/a><a class=\"albumName\" href=\"https:\/\/farnost-kozlovice.rajce.idnes.cz\/1._svata_prijimani\/\"><br \/>\n<\/a><a class=\"albumName\" href=\"https:\/\/farnost-kozlovice.rajce.idnes.cz\/Kostel_a_fara\/\">Kostel a fara<\/a><a class=\"albumName\" href=\"https:\/\/farnost-kozlovice.rajce.idnes.cz\/1._svata_prijimani\/\"><br \/>\n<\/a><a class=\"albumName\" href=\"https:\/\/farnost-kozlovice.rajce.idnes.cz\/Interier_kostela_v_promenach_casu\/\">Interi\u00e9r kostela v prom\u011bn\u00e1ch \u010dasu<\/a><a class=\"albumName\" href=\"https:\/\/farnost-kozlovice.rajce.idnes.cz\/1._svata_prijimani\/\"><br \/>\n<\/a><a class=\"albumName\" href=\"https:\/\/farnost-kozlovice.rajce.idnes.cz\/Zehnani_kaple_P._Marie_priborske\/\">\u017dehn\u00e1n\u00ed kaple P. Marie p\u0159\u00edborsk\u00e9<\/a><a class=\"albumName\" href=\"https:\/\/farnost-kozlovice.rajce.idnes.cz\/1._svata_prijimani\/\"><br \/>\n<\/a><a class=\"albumName\" href=\"https:\/\/farnost-kozlovice.rajce.idnes.cz\/Knezi_kteri_pusobili_ve_farnosti\/\">Kn\u011b\u017e\u00ed kte\u0159\u00ed p\u016fsobili ve farnosti<\/a><a class=\"albumName\" href=\"https:\/\/farnost-kozlovice.rajce.idnes.cz\/1._svata_prijimani\/\"><br \/>\n<\/a><a class=\"albumName\" href=\"https:\/\/farnost-kozlovice.rajce.idnes.cz\/Kozlovjane_u_kardinala_Tomaska\/\">Kozlovjan\u00e9 u kardin\u00e1la Tom\u00e1\u0161ka<\/a><a class=\"albumName\" href=\"https:\/\/farnost-kozlovice.rajce.idnes.cz\/1._svata_prijimani\/\"><br \/>\n<\/a><a class=\"albumName\" href=\"https:\/\/farnost-kozlovice.rajce.idnes.cz\/Kozlovsky_kroj\/\">Kozlovsk\u00fd kroj<\/a><a class=\"albumName\" href=\"https:\/\/farnost-kozlovice.rajce.idnes.cz\/1._svata_prijimani\/\"><br \/>\n<\/a><a class=\"albumName\" href=\"https:\/\/farnost-kozlovice.rajce.idnes.cz\/Lumir_Tkac_-_novoknez\/\">Lum\u00edr Tk\u00e1\u010d &#8211; novokn\u011bz<\/a><a class=\"albumName\" href=\"https:\/\/farnost-kozlovice.rajce.idnes.cz\/1._svata_prijimani\/\"><br \/>\n<\/a><a class=\"albumName\" href=\"https:\/\/farnost-kozlovice.rajce.idnes.cz\/Myslikovske_Lurdy\/\">Mysl\u00edkovsk\u00e9 Lurdy<\/a><a class=\"albumName\" href=\"https:\/\/farnost-kozlovice.rajce.idnes.cz\/1._svata_prijimani\/\"><br \/>\n<\/a><a class=\"albumName\" href=\"https:\/\/farnost-kozlovice.rajce.idnes.cz\/Oprava_kaple_na_Mysliku\/\">Oprava kaple na Mysl\u00edku<\/a><a class=\"albumName\" href=\"https:\/\/farnost-kozlovice.rajce.idnes.cz\/1._svata_prijimani\/\"><br \/>\n<\/a><a class=\"albumName\" href=\"https:\/\/farnost-kozlovice.rajce.idnes.cz\/Oprava_veze\/\">Oprava v\u011b\u017ee<\/a><a class=\"albumName\" href=\"https:\/\/farnost-kozlovice.rajce.idnes.cz\/1._svata_prijimani\/\"><br \/>\n<\/a><a class=\"albumName\" href=\"https:\/\/farnost-kozlovice.rajce.idnes.cz\/Opravy_v_pohranici\/\">Opravy v pohrani\u010d\u00ed<\/a><a class=\"albumName\" href=\"https:\/\/farnost-kozlovice.rajce.idnes.cz\/1._svata_prijimani\/\"><br \/>\n<\/a><a class=\"albumName\" href=\"https:\/\/farnost-kozlovice.rajce.idnes.cz\/P._Ferdinand_Chylek\/\">P. Ferdinand Ch\u00fdlek<\/a><a class=\"albumName\" href=\"https:\/\/farnost-kozlovice.rajce.idnes.cz\/1._svata_prijimani\/\"><br \/>\n<\/a><a class=\"albumName\" href=\"https:\/\/farnost-kozlovice.rajce.idnes.cz\/Pan_Ulcak_zhotovitel_vecneho_svetla\/\">Pan Ul\u010d\u00e1k zhotovitel ve\u010dn\u00e9ho sv\u011btla<\/a><a class=\"albumName\" href=\"https:\/\/farnost-kozlovice.rajce.idnes.cz\/1._svata_prijimani\/\"><br \/>\n<\/a><a class=\"albumName\" href=\"https:\/\/farnost-kozlovice.rajce.idnes.cz\/Pout\/\">Pou\u0165<\/a><a class=\"albumName\" href=\"https:\/\/farnost-kozlovice.rajce.idnes.cz\/1._svata_prijimani\/\"><br \/>\n<\/a><a class=\"albumName\" href=\"https:\/\/farnost-kozlovice.rajce.idnes.cz\/Primice_P._Jaluvky\/\">Primice P. Jal\u016fvky<\/a><a class=\"albumName\" href=\"https:\/\/farnost-kozlovice.rajce.idnes.cz\/1._svata_prijimani\/\"><br \/>\n<\/a><a class=\"albumName\" href=\"https:\/\/farnost-kozlovice.rajce.idnes.cz\/Tradicni_pout_na_sv._Hostyn\/\">Tradi\u010dn\u00ed pou\u0165 na sv. Host\u00fdn<\/a><a class=\"albumName\" href=\"https:\/\/farnost-kozlovice.rajce.idnes.cz\/1._svata_prijimani\/\"><br \/>\n<\/a><a class=\"albumName\" href=\"https:\/\/farnost-kozlovice.rajce.idnes.cz\/Tradicni_pout_na_Svatou_Horu\/\">Tradi\u010dn\u00ed pou\u0165 na Svatou Horu<\/a><a class=\"albumName\" href=\"https:\/\/farnost-kozlovice.rajce.idnes.cz\/1._svata_prijimani\/\"><br \/>\n<\/a><a class=\"albumName\" href=\"https:\/\/farnost-kozlovice.rajce.idnes.cz\/Zehnani_noveho_zvonu\/\">\u017dehn\u00e1n\u00ed nov\u00e9ho zvonu<\/a><a class=\"albumName\" href=\"https:\/\/farnost-kozlovice.rajce.idnes.cz\/1._svata_prijimani\/\"><br \/>\n<\/a><\/p>\n","protected":false},"excerpt":{"rendered":"<p>Pou\u0165 na Svatou horu + n\u00e1v\u0161t\u011bva kardin\u00e1la Tom\u00e1\u0161ka &#8211; 13. srpna 1988 Pou\u0165 na Svatou horu<span class=\"more-dots\">&#8230;<\/span><\/p>\n","protected":false},"author":1,"featured_media":0,"parent":75,"menu_order":0,"comment_status":"closed","ping_status":"closed","template":"","meta":[],"_links":{"self":[{"href":"http:\/\/farnostkozlovice.cz\/index.php?rest_route=\/wp\/v2\/pages\/189"}],"collection":[{"href":"http:\/\/farnostkozlovice.cz\/index.php?rest_route=\/wp\/v2\/pages"}],"about":[{"href":"http:\/\/farnostkozlovice.cz\/index.php?rest_route=\/wp\/v2\/types\/page"}],"author":[{"embeddable":true,"href":"http:\/\/farnostkozlovice.cz\/index.php?rest_route=\/wp\/v2\/users\/1"}],"replies":[{"embeddable":true,"href":"http:\/\/farnostkozlovice.cz\/index.php?rest_route=%2Fwp%2Fv2%2Fcomments&post=189"}],"version-history":[{"count":27,"href":"http:\/\/farnostkozlovice.cz\/index.php?rest_route=\/wp\/v2\/pages\/189\/revisions"}],"predecessor-version":[{"id":1145,"href":"http:\/\/farnostkozlovice.cz\/index.php?rest_route=\/wp\/v2\/pages\/189\/revisions\/1145"}],"up":[{"embeddable":true,"href":"http:\/\/farnostkozlovice.cz\/index.php?rest_route=\/wp\/v2\/pages\/75"}],"wp:attachment":[{"href":"http:\/\/farnostkozlovice.cz\/index.php?rest_route=%2Fwp%2Fv2%2Fmedia&parent=189"}],"curies":[{"name":"wp","href":"https:\/\/api.w.org\/{rel}","templated":true}]}}