{"id":1772,"date":"2020-01-04T17:52:51","date_gmt":"2020-01-04T16:52:51","guid":{"rendered":"http:\/\/farnostkozlovice.cz\/?page_id=1772"},"modified":"2020-11-22T22:04:10","modified_gmt":"2020-11-22T21:04:10","slug":"rok-2020","status":"publish","type":"page","link":"http:\/\/farnostkozlovice.cz\/?page_id=1772","title":{"rendered":"Rok 2020"},"content":{"rendered":"<p><a href=\"https:\/\/www.rajce.net\/a17065499\">\u017dehn\u00e1n\u00ed kaple svat\u00e9ho Flori\u00e1na &#8211; 20. z\u00e1\u0159\u00ed 2020<\/a><br \/>\n<a href=\"https:\/\/www.rajce.net\/a16959421\">M\u0161e za obec &#8211; 13. z\u00e1\u0159\u00ed 2020<\/a><br \/>\n<a href=\"https:\/\/www.rajce.net\/a17065510\">Zah\u00e1jen\u00ed \u0161koln\u00edho roku &#8211; 1. z\u00e1\u0159\u00ed 2020<\/a><br \/>\n<a href=\"https:\/\/www.rajce.net\/a16955179\">Farn\u00ed t\u00e1bor &#8211; \u010dervenec 2020<\/a><br \/>\n<a href=\"https:\/\/www.rajce.net\/a16845236\">1.sv.p\u0159ij\u00edm\u00e1n\u00ed &#8211; 28.6.2020<\/a><br \/>\n<a href=\"https:\/\/www.rajce.net\/a16845265\">P\u011b\u0161\u00ed a cyklo pou\u0165 na Sv.Host\u00fdn &#8211; 4.-5. \u010derven 2020<\/a><br \/>\n<a href=\"https:\/\/www.rajce.net\/a16822421\">Slavnost T\u011bla a Krve P\u00e1n\u011b &#8211; \u010derven 2020<\/a><br \/>\n<a href=\"https:\/\/farnost-kozlovice.rajce.idnes.cz\/Prijimani_noveh_ministranta_-_cerven_2020\/\">P\u0159ij\u00edm\u00e1n\u00ed nov\u00e9ho ministranta &#8211; \u010derven 2020<\/a><br \/>\n<a href=\"http:\/\/farnost-kozlovice.rajce.net\/Myslikovske_Lurdy_-_17._kvetna_2020\">M\u0161e sv. a m\u00e1jov\u00e1 pobo\u017enost v Mysl\u00edkovsk\u00fdch Lurdech &#8211; kv\u011bten 2020<\/a><br \/>\n<a href=\"https:\/\/www.rajce.net\/a16619120\">Duchovn\u00ed obnova pro chlapy &#8211; 1. 2. 2020<\/a><br \/>\n<a href=\"https:\/\/www.rajce.net\/a16604040\">Farn\u00ed ples &#8211; 25. ledna 2020<\/a><a href=\"https:\/\/www.rajce.net\/a16604053\"><br \/>\nD\u011btsk\u00fd karneval &#8211; 11.ledna 2020<\/a><br \/>\n<a href=\"https:\/\/www.rajce.net\/a16604066\">T\u0159\u00edkr\u00e1lov\u00fd koncert &#8211; 5. ledna 2020<\/a><br \/>\n<a href=\"http:\/\/farnost-kozlovice.rajce.net\/Zehnani_trikralovym_kolednikum_-_1._ledna_2020\">\u017dehn\u00e1n\u00ed t\u0159\u00edkr\u00e1lov\u00fdm koledn\u00edk\u016fm &#8211; 1. ledna 2020<\/a><\/p>\n<p>&nbsp;<\/p>\n","protected":false},"excerpt":{"rendered":"<p>\u017dehn\u00e1n\u00ed kaple svat\u00e9ho Flori\u00e1na &#8211; 20. z\u00e1\u0159\u00ed 2020 M\u0161e za obec &#8211; 13. z\u00e1\u0159\u00ed 2020 Zah\u00e1jen\u00ed<span class=\"more-dots\">&#8230;<\/span><\/p>\n","protected":false},"author":1,"featured_media":0,"parent":0,"menu_order":0,"comment_status":"closed","ping_status":"closed","template":"","meta":[],"_links":{"self":[{"href":"http:\/\/farnostkozlovice.cz\/index.php?rest_route=\/wp\/v2\/pages\/1772"}],"collection":[{"href":"http:\/\/farnostkozlovice.cz\/index.php?rest_route=\/wp\/v2\/pages"}],"about":[{"href":"http:\/\/farnostkozlovice.cz\/index.php?rest_route=\/wp\/v2\/types\/page"}],"author":[{"embeddable":true,"href":"http:\/\/farnostkozlovice.cz\/index.php?rest_route=\/wp\/v2\/users\/1"}],"replies":[{"embeddable":true,"href":"http:\/\/farnostkozlovice.cz\/index.php?rest_route=%2Fwp%2Fv2%2Fcomments&post=1772"}],"version-history":[{"count":17,"href":"http:\/\/farnostkozlovice.cz\/index.php?rest_route=\/wp\/v2\/pages\/1772\/revisions"}],"predecessor-version":[{"id":2005,"href":"http:\/\/farnostkozlovice.cz\/index.php?rest_route=\/wp\/v2\/pages\/1772\/revisions\/2005"}],"wp:attachment":[{"href":"http:\/\/farnostkozlovice.cz\/index.php?rest_route=%2Fwp%2Fv2%2Fmedia&parent=1772"}],"curies":[{"name":"wp","href":"https:\/\/api.w.org\/{rel}","templated":true}]}}