{"id":136,"date":"2015-05-26T16:30:27","date_gmt":"2015-05-26T15:30:27","guid":{"rendered":"http:\/\/farnostkozlovice.cz\/?page_id=136"},"modified":"2017-01-23T22:42:06","modified_gmt":"2017-01-23T21:42:06","slug":"zivot-ve-farnosti","status":"publish","type":"page","link":"http:\/\/farnostkozlovice.cz\/?page_id=136","title":{"rendered":"\u017divot ve farnosti"},"content":{"rendered":"<p><a title=\"Schola\" href=\"http:\/\/farnostkozlovice.cz\/?page_id=645\"><strong>Sbor Cantamus<br \/>\n<\/strong><\/a>Farn\u00ed p\u011bveck\u00fd sbor<strong>&#8230;<\/strong><\/p>\n<p><strong><a href=\"http:\/\/farnostkozlovice.cz\/?page_id=53\">Schola<\/a><\/strong><br \/>\nN\u011bco m\u00e1lo z historie na\u0161eho farn\u00edho hudebn\u00edho t\u011blesa &#8230;<\/p>\n<p><a title=\"Scholka\" href=\"http:\/\/farnostkozlovice.cz\/?page_id=56\"><strong>Scholka<\/strong><\/a><br \/>\nInformace o zdrobn\u011blin\u011b na\u0161\u00ed scholy<\/p>\n<p><a title=\"Ministranti\" href=\"http:\/\/farnostkozlovice.cz\/?page_id=60\"><strong>Ministranti<\/strong><\/a><br \/>\nP\u00e1r informac\u00ed o kozlovick\u00fdch ministrantech &#8230;<\/p>\n<p><a title=\"Maminky na mate\u0159sk\u00e9\" href=\"http:\/\/farnostkozlovice.cz\/?page_id=141\"><strong>Maminky na mate\u0159sk\u00e9<br \/>\n<\/strong><\/a>Komunita maminek s mal\u00fdmi d\u011btmi<\/p>\n<p><a title=\"Maminky na mate\u0159sk\u00e9\" href=\"http:\/\/farnostkozlovice.cz\/?page_id=365\"><strong>Modlitby matek<\/strong><\/a><a title=\"Modlitby matek\" href=\"http:\/\/farnostkozlovice.cz\/?page_id=365\"><br \/>\n<\/a>Spole\u010denstv\u00ed matek modl\u00edc\u00edch se za d\u011bti<\/p>\n<p><strong><a title=\"Chlapi\" href=\"http:\/\/farnostkozlovice.cz\/?page_id=371\">Chlapi<br \/>\n<\/a><\/strong>&#8230;prost\u011b chlapi<\/p>\n<p>&nbsp;<\/p>\n","protected":false},"excerpt":{"rendered":"<p>Sbor Cantamus Farn\u00ed p\u011bveck\u00fd sbor&#8230; Schola N\u011bco m\u00e1lo z historie na\u0161eho farn\u00edho hudebn\u00edho t\u011blesa &#8230; Scholka<span class=\"more-dots\">&#8230;<\/span><\/p>\n","protected":false},"author":1,"featured_media":0,"parent":0,"menu_order":0,"comment_status":"closed","ping_status":"closed","template":"","meta":[],"_links":{"self":[{"href":"http:\/\/farnostkozlovice.cz\/index.php?rest_route=\/wp\/v2\/pages\/136"}],"collection":[{"href":"http:\/\/farnostkozlovice.cz\/index.php?rest_route=\/wp\/v2\/pages"}],"about":[{"href":"http:\/\/farnostkozlovice.cz\/index.php?rest_route=\/wp\/v2\/types\/page"}],"author":[{"embeddable":true,"href":"http:\/\/farnostkozlovice.cz\/index.php?rest_route=\/wp\/v2\/users\/1"}],"replies":[{"embeddable":true,"href":"http:\/\/farnostkozlovice.cz\/index.php?rest_route=%2Fwp%2Fv2%2Fcomments&post=136"}],"version-history":[{"count":16,"href":"http:\/\/farnostkozlovice.cz\/index.php?rest_route=\/wp\/v2\/pages\/136\/revisions"}],"predecessor-version":[{"id":755,"href":"http:\/\/farnostkozlovice.cz\/index.php?rest_route=\/wp\/v2\/pages\/136\/revisions\/755"}],"wp:attachment":[{"href":"http:\/\/farnostkozlovice.cz\/index.php?rest_route=%2Fwp%2Fv2%2Fmedia&parent=136"}],"curies":[{"name":"wp","href":"https:\/\/api.w.org\/{rel}","templated":true}]}}