{"id":104,"date":"2015-05-05T13:13:29","date_gmt":"2015-05-05T12:13:29","guid":{"rendered":"http:\/\/farnostkozlovice.cz\/?page_id=104"},"modified":"2023-11-04T19:12:03","modified_gmt":"2023-11-04T18:12:03","slug":"farni-casopis","status":"publish","type":"page","link":"http:\/\/farnostkozlovice.cz\/?page_id=104","title":{"rendered":"Farn\u00ed \u010dasopis"},"content":{"rendered":"<p>Zde nalezne v\u0161echna \u010d\u00edsla na\u0161eho farn\u00edho \u010dasopisu v elektronick\u00e9 podob\u011b (PDF form\u00e1t).<\/p>\n<ul>\n<li><span style=\"color: #0000ff;\"><a style=\"color: #0000ff;\" href=\"https:\/\/drive.google.com\/folderview?id=0B8l8B58w9bK8TTR4aG9NQ2JqSHc&amp;usp=sharing\">Arch\u00edv \u010d\u00edsel <\/a><\/span><\/li>\n<\/ul>\n<ul id=\"iw-contextMenu8792\" class=\"iw-contextMenu iw-created iw-cm-menu\"><\/ul>\n","protected":false},"excerpt":{"rendered":"<p>Zde nalezne v\u0161echna \u010d\u00edsla na\u0161eho farn\u00edho \u010dasopisu v elektronick\u00e9 podob\u011b (PDF form\u00e1t). Arch\u00edv \u010d\u00edsel<\/p>\n","protected":false},"author":1,"featured_media":0,"parent":0,"menu_order":0,"comment_status":"closed","ping_status":"closed","template":"","meta":[],"_links":{"self":[{"href":"http:\/\/farnostkozlovice.cz\/index.php?rest_route=\/wp\/v2\/pages\/104"}],"collection":[{"href":"http:\/\/farnostkozlovice.cz\/index.php?rest_route=\/wp\/v2\/pages"}],"about":[{"href":"http:\/\/farnostkozlovice.cz\/index.php?rest_route=\/wp\/v2\/types\/page"}],"author":[{"embeddable":true,"href":"http:\/\/farnostkozlovice.cz\/index.php?rest_route=\/wp\/v2\/users\/1"}],"replies":[{"embeddable":true,"href":"http:\/\/farnostkozlovice.cz\/index.php?rest_route=%2Fwp%2Fv2%2Fcomments&post=104"}],"version-history":[{"count":34,"href":"http:\/\/farnostkozlovice.cz\/index.php?rest_route=\/wp\/v2\/pages\/104\/revisions"}],"predecessor-version":[{"id":2868,"href":"http:\/\/farnostkozlovice.cz\/index.php?rest_route=\/wp\/v2\/pages\/104\/revisions\/2868"}],"wp:attachment":[{"href":"http:\/\/farnostkozlovice.cz\/index.php?rest_route=%2Fwp%2Fv2%2Fmedia&parent=104"}],"curies":[{"name":"wp","href":"https:\/\/api.w.org\/{rel}","templated":true}]}}